{"id":25158,"date":"2017-01-03T10:00:08","date_gmt":"2023-02-13T10:46:09","guid":{"rendered":"https:\/\/reyma-mobiliario.com\/?post_type=product&#038;p=25158"},"modified":"2025-03-14T08:00:23","modified_gmt":"2025-03-14T07:00:23","slug":"fauteuil-maui","status":"publish","type":"product","link":"https:\/\/reyma-mobiliario.com\/fr\/productos\/fauteuil-maui\/","title":{"rendered":"Fauteuil Maui"},"content":{"rendered":"<p>Fauteuil avec une touche tropicale tr\u00e8s confortable. Con\u00e7u pour une utilisation en ext\u00e9rieur.<\/p>\n","protected":false},"excerpt":{"rendered":"<p><strong>Poids\u00a0: <\/strong>3,35\u00a0kg<\/p>\n<p><strong>Mat\u00e9riaux\u00a0: <\/strong><br \/>\nStructure en aluminium laqu\u00e9 bambou d\u00e9co avec assise et dossier en moelle d&rsquo;atlas.<\/p>\n<p><strong>Dimensions<\/strong>\u00a0:<br \/>\n<img loading=\"lazy\" decoding=\"async\" class=\"alignnone size-full wp-image-11924\" src=\"https:\/\/reyma-mobiliario.com\/wp-content\/uploads\/2025\/03\/2025-maui-sillon.jpg\" alt=\"Dimensiones sill\u00f3n Maui REYMA\" width=\"120\" height=\"120\" \/><\/p>\n","protected":false},"featured_media":25166,"template":"","meta":[],"product_brand":[],"product_cat":[1106,1112],"product_tag":[1361,1168,1868,1170,1912],"class_list":{"0":"post-25158","1":"product","2":"type-product","3":"status-publish","4":"has-post-thumbnail","6":"product_cat-exterieur","7":"product_cat-fauteuils-dexterieur","8":"product_tag-fauteuils-dexterieur","9":"product_tag-mobilier-dexterieur","10":"product_tag-nouvelle-2023","11":"product_tag-osier","12":"product_tag-serie-maui-fr","14":"first","15":"instock","16":"shipping-taxable","17":"product-type-simple"},"aioseo_notices":[],"_links":{"self":[{"href":"https:\/\/reyma-mobiliario.com\/fr\/wp-json\/wp\/v2\/product\/25158","targetHints":{"allow":["GET"]}}],"collection":[{"href":"https:\/\/reyma-mobiliario.com\/fr\/wp-json\/wp\/v2\/product"}],"about":[{"href":"https:\/\/reyma-mobiliario.com\/fr\/wp-json\/wp\/v2\/types\/product"}],"wp:featuredmedia":[{"embeddable":true,"href":"https:\/\/reyma-mobiliario.com\/fr\/wp-json\/wp\/v2\/media\/25166"}],"wp:attachment":[{"href":"https:\/\/reyma-mobiliario.com\/fr\/wp-json\/wp\/v2\/media?parent=25158"}],"wp:term":[{"taxonomy":"product_brand","embeddable":true,"href":"https:\/\/reyma-mobiliario.com\/fr\/wp-json\/wp\/v2\/product_brand?post=25158"},{"taxonomy":"product_cat","embeddable":true,"href":"https:\/\/reyma-mobiliario.com\/fr\/wp-json\/wp\/v2\/product_cat?post=25158"},{"taxonomy":"product_tag","embeddable":true,"href":"https:\/\/reyma-mobiliario.com\/fr\/wp-json\/wp\/v2\/product_tag?post=25158"}],"curies":[{"name":"wp","href":"https:\/\/api.w.org\/{rel}","templated":true}]}}