{"id":25183,"date":"2024-01-13T10:00:49","date_gmt":"2023-02-13T16:06:50","guid":{"rendered":"https:\/\/reyma-mobiliario.com\/?post_type=product&#038;p=25183"},"modified":"2025-03-04T17:43:59","modified_gmt":"2025-03-04T16:43:59","slug":"table-mauricio-out","status":"publish","type":"product","link":"https:\/\/reyma-mobiliario.com\/fr\/productos\/table-mauricio-out\/","title":{"rendered":"Table Mauricio OUT"},"content":{"rendered":"<p>Table en aluminium con\u00e7ue pour une utilisation en ext\u00e9rieur. Avec un design aux lignes simples adapt\u00e9es \u00e0 diff\u00e9rents types de plateaux.<\/p>\n","protected":false},"excerpt":{"rendered":"<p><strong>Hauteur\u00a0:<\/strong> 75\u00a0cm<\/p>\n<p><strong>Mat\u00e9riaux<\/strong>\u00a0:<br \/>\nPied en aluminium peint en noir, d\u00e9co bambou blanc et ch\u00eane naturel.<br \/>\nSocle 4 points 55x55cm<\/p>\n<p>Plateaux : Werzalit ou Compact<\/p>\n<p>*M\u00e9lamine pour usage int\u00e9rieur seulement.<\/p>\n<p><strong>Mesures de table\u00a0:<\/strong><br \/>\n70\u00d8, 80\u00d8, 120\u00d8<br \/>\n60&#215;60, 70&#215;70, 80&#215;80 et 90&#215;90<\/p>\n","protected":false},"featured_media":28349,"template":"","meta":[],"product_brand":[],"product_cat":[1106,1110],"product_tag":[1144,1168,1797,1902,1166],"class_list":{"0":"post-25183","1":"product","2":"type-product","3":"status-publish","4":"has-post-thumbnail","6":"product_cat-exterieur","7":"product_cat-tables-dexterieur","8":"product_tag-aluminium","9":"product_tag-mobilier-dexterieur","10":"product_tag-nouveautes-2022","11":"product_tag-serie-mauricio-fr","12":"product_tag-tables-fr","14":"first","15":"instock","16":"shipping-taxable","17":"purchasable","18":"product-type-variable"},"aioseo_notices":[],"_links":{"self":[{"href":"https:\/\/reyma-mobiliario.com\/fr\/wp-json\/wp\/v2\/product\/25183","targetHints":{"allow":["GET"]}}],"collection":[{"href":"https:\/\/reyma-mobiliario.com\/fr\/wp-json\/wp\/v2\/product"}],"about":[{"href":"https:\/\/reyma-mobiliario.com\/fr\/wp-json\/wp\/v2\/types\/product"}],"wp:featuredmedia":[{"embeddable":true,"href":"https:\/\/reyma-mobiliario.com\/fr\/wp-json\/wp\/v2\/media\/28349"}],"wp:attachment":[{"href":"https:\/\/reyma-mobiliario.com\/fr\/wp-json\/wp\/v2\/media?parent=25183"}],"wp:term":[{"taxonomy":"product_brand","embeddable":true,"href":"https:\/\/reyma-mobiliario.com\/fr\/wp-json\/wp\/v2\/product_brand?post=25183"},{"taxonomy":"product_cat","embeddable":true,"href":"https:\/\/reyma-mobiliario.com\/fr\/wp-json\/wp\/v2\/product_cat?post=25183"},{"taxonomy":"product_tag","embeddable":true,"href":"https:\/\/reyma-mobiliario.com\/fr\/wp-json\/wp\/v2\/product_tag?post=25183"}],"curies":[{"name":"wp","href":"https:\/\/api.w.org\/{rel}","templated":true}]}}