{"id":25196,"date":"2023-12-27T10:00:15","date_gmt":"2023-02-13T16:23:16","guid":{"rendered":"https:\/\/reyma-mobiliario.com\/?post_type=product&#038;p=25196"},"modified":"2025-03-04T18:12:20","modified_gmt":"2025-03-04T17:12:20","slug":"table-eros-plus-out","status":"publish","type":"product","link":"https:\/\/reyma-mobiliario.com\/fr\/productos\/table-eros-plus-out\/","title":{"rendered":"Table Eros Plus OUT"},"content":{"rendered":"<p>Table polyvalente disponible en structure en aluminium. Il int\u00e8gre un syst\u00e8me de r\u00e9glage de la hauteur qui est cach\u00e9 \u00e0 l&rsquo;int\u00e9rieur de la jambe.<\/p>\n","protected":false},"excerpt":{"rendered":"<p><strong>Hauteur\u00a0:<\/strong> 75\u00a0cm<\/p>\n<p><strong>Mat\u00e9riaux<\/strong>\u00a0:<br \/>\nStructure en aluminium verni blanc, noir ou graphite.<br \/>\navec r\u00e9gulateur de jambe cach\u00e9.<\/p>\n<p>Plateaux : Werzalit ou Compact<\/p>\n<p><strong>Mesures de table\u00a0:<\/strong><br \/>\n70&#215;70 uniquement pour plateau compact<br \/>\n80&#215;80 et 120&#215;80<\/p>\n","protected":false},"featured_media":25125,"template":"","meta":[],"product_brand":[],"product_cat":[1106,1110],"product_tag":[1144,1168,1904,1166],"class_list":{"0":"post-25196","1":"product","2":"type-product","3":"status-publish","4":"has-post-thumbnail","6":"product_cat-exterieur","7":"product_cat-tables-dexterieur","8":"product_tag-aluminium","9":"product_tag-mobilier-dexterieur","10":"product_tag-serie-eros-plus-fr","11":"product_tag-tables-fr","13":"first","14":"instock","15":"shipping-taxable","16":"purchasable","17":"product-type-variable"},"aioseo_notices":[],"_links":{"self":[{"href":"https:\/\/reyma-mobiliario.com\/fr\/wp-json\/wp\/v2\/product\/25196","targetHints":{"allow":["GET"]}}],"collection":[{"href":"https:\/\/reyma-mobiliario.com\/fr\/wp-json\/wp\/v2\/product"}],"about":[{"href":"https:\/\/reyma-mobiliario.com\/fr\/wp-json\/wp\/v2\/types\/product"}],"wp:featuredmedia":[{"embeddable":true,"href":"https:\/\/reyma-mobiliario.com\/fr\/wp-json\/wp\/v2\/media\/25125"}],"wp:attachment":[{"href":"https:\/\/reyma-mobiliario.com\/fr\/wp-json\/wp\/v2\/media?parent=25196"}],"wp:term":[{"taxonomy":"product_brand","embeddable":true,"href":"https:\/\/reyma-mobiliario.com\/fr\/wp-json\/wp\/v2\/product_brand?post=25196"},{"taxonomy":"product_cat","embeddable":true,"href":"https:\/\/reyma-mobiliario.com\/fr\/wp-json\/wp\/v2\/product_cat?post=25196"},{"taxonomy":"product_tag","embeddable":true,"href":"https:\/\/reyma-mobiliario.com\/fr\/wp-json\/wp\/v2\/product_tag?post=25196"}],"curies":[{"name":"wp","href":"https:\/\/api.w.org\/{rel}","templated":true}]}}