{"id":25225,"date":"2023-12-13T10:00:44","date_gmt":"2023-02-13T17:17:45","guid":{"rendered":"https:\/\/reyma-mobiliario.com\/?post_type=product&#038;p=25225"},"modified":"2025-03-05T17:15:13","modified_gmt":"2025-03-05T16:15:13","slug":"table-mauricio-rectangular-out","status":"publish","type":"product","link":"https:\/\/reyma-mobiliario.com\/fr\/productos\/table-mauricio-rectangular-out\/","title":{"rendered":"Table Mauricio Rectangular OUT"},"content":{"rendered":"<p>Table en aluminium con\u00e7ue pour l&rsquo;ext\u00e9rieur ou l&rsquo;int\u00e9rieur avec un design rectangulaire pour diff\u00e9rents types de plateaux.<\/p>\n","protected":false},"excerpt":{"rendered":"<p><strong>Hauteur\u00a0:<\/strong> 75\u00a0cm<\/p>\n<p><strong>Mat\u00e9riaux<\/strong>\u00a0:<br \/>\nPied en aluminium peint noir, d\u00e9co bambou blanc ou ch\u00eane naturel.<br \/>\nSocle \u00e0 4 pointes de 105x65cm<\/p>\n<p>Plateaux : Werzalit ou Compact<\/p>\n<p><strong>Mesures de table\u00a0:<\/strong><br \/>\n110&#215;70 et 120&#215;80<\/p>\n","protected":false},"featured_media":24943,"template":"","meta":[],"product_brand":[],"product_cat":[1106,1110],"product_tag":[1144,1168,1902,1166],"class_list":{"0":"post-25225","1":"product","2":"type-product","3":"status-publish","4":"has-post-thumbnail","6":"product_cat-exterieur","7":"product_cat-tables-dexterieur","8":"product_tag-aluminium","9":"product_tag-mobilier-dexterieur","10":"product_tag-serie-mauricio-fr","11":"product_tag-tables-fr","13":"first","14":"instock","15":"shipping-taxable","16":"purchasable","17":"product-type-variable"},"aioseo_notices":[],"_links":{"self":[{"href":"https:\/\/reyma-mobiliario.com\/fr\/wp-json\/wp\/v2\/product\/25225","targetHints":{"allow":["GET"]}}],"collection":[{"href":"https:\/\/reyma-mobiliario.com\/fr\/wp-json\/wp\/v2\/product"}],"about":[{"href":"https:\/\/reyma-mobiliario.com\/fr\/wp-json\/wp\/v2\/types\/product"}],"wp:featuredmedia":[{"embeddable":true,"href":"https:\/\/reyma-mobiliario.com\/fr\/wp-json\/wp\/v2\/media\/24943"}],"wp:attachment":[{"href":"https:\/\/reyma-mobiliario.com\/fr\/wp-json\/wp\/v2\/media?parent=25225"}],"wp:term":[{"taxonomy":"product_brand","embeddable":true,"href":"https:\/\/reyma-mobiliario.com\/fr\/wp-json\/wp\/v2\/product_brand?post=25225"},{"taxonomy":"product_cat","embeddable":true,"href":"https:\/\/reyma-mobiliario.com\/fr\/wp-json\/wp\/v2\/product_cat?post=25225"},{"taxonomy":"product_tag","embeddable":true,"href":"https:\/\/reyma-mobiliario.com\/fr\/wp-json\/wp\/v2\/product_tag?post=25225"}],"curies":[{"name":"wp","href":"https:\/\/api.w.org\/{rel}","templated":true}]}}