{"id":25251,"date":"2023-12-24T10:00:09","date_gmt":"2023-12-24T09:00:09","guid":{"rendered":"https:\/\/reyma-mobiliario.com\/?post_type=product&#038;p=25251"},"modified":"2026-03-13T09:14:09","modified_gmt":"2026-03-13T08:14:09","slug":"tabouret-nantes","status":"publish","type":"product","link":"https:\/\/reyma-mobiliario.com\/fr\/productos\/tabouret-nantes\/","title":{"rendered":"Tabouret Nantes"},"content":{"rendered":"<p>Tabouret polyvalent avec structure en acier. Sa grande polyvalence convient \u00e0 diff\u00e9rents si\u00e8ges compacts, en bois massif ou rembourr\u00e9s. Fabriqu\u00e9 en acier r\u00e9sistant pour une utilisation en int\u00e9rieur.<\/p>\n","protected":false},"excerpt":{"rendered":"<p><strong>Poids<\/strong>:<\/p>\n<p>Avec rev\u00eatement : 6,15 kg<br \/>\nAvec compact : 5,80 kg<br \/>\nAvec bois massif : 5,85 kg<br \/>\n<strong>Mat\u00e9riaux<\/strong>:<br \/>\nAssise 36&#215;31 : Bois massif, couleurs <a href=\"https:\/\/reyma-mobiliario.com\/fr\/categorie-produit\/plateaux\/compact-fr\/\">compact<\/a>, <a href=\"https:\/\/reyma-mobiliario.com\/fr\/categorie-produit\/finitions\/tapisse\/\">rev\u00eatements P.U. et Fabric<\/a>.<br \/>\nStructure en acier peint en noir.<\/p>\n<p><strong>Dimensions<\/strong>:<br \/>\n<img loading=\"lazy\" decoding=\"async\" class=\"alignleft size-full wp-image-11924\" src=\"https:\/\/reyma-mobiliario.com\/wp-content\/uploads\/2025\/03\/2025-nantes-banqueta.jpg\" alt=\"Dimensions tabouret Nantes REYMA\" width=\"120\" height=\"120\" \/><\/p>\n","protected":false},"featured_media":31886,"template":"","meta":[],"product_brand":[],"product_cat":[1114,1116,2146],"product_tag":[1169,1868,1915,1147],"class_list":{"0":"post-25251","1":"product","2":"type-product","3":"status-publish","4":"has-post-thumbnail","6":"product_cat-interieur","7":"product_cat-tabouret-dinterieur","8":"product_cat-tabouret-en-metal","9":"product_tag-mobilier-interieur","10":"product_tag-nouvelle-2023","11":"product_tag-serie-nantes-fr","12":"product_tag-tabourets","14":"first","15":"instock","16":"shipping-taxable","17":"purchasable","18":"product-type-variable"},"aioseo_notices":[],"_links":{"self":[{"href":"https:\/\/reyma-mobiliario.com\/fr\/wp-json\/wp\/v2\/product\/25251","targetHints":{"allow":["GET"]}}],"collection":[{"href":"https:\/\/reyma-mobiliario.com\/fr\/wp-json\/wp\/v2\/product"}],"about":[{"href":"https:\/\/reyma-mobiliario.com\/fr\/wp-json\/wp\/v2\/types\/product"}],"wp:featuredmedia":[{"embeddable":true,"href":"https:\/\/reyma-mobiliario.com\/fr\/wp-json\/wp\/v2\/media\/31886"}],"wp:attachment":[{"href":"https:\/\/reyma-mobiliario.com\/fr\/wp-json\/wp\/v2\/media?parent=25251"}],"wp:term":[{"taxonomy":"product_brand","embeddable":true,"href":"https:\/\/reyma-mobiliario.com\/fr\/wp-json\/wp\/v2\/product_brand?post=25251"},{"taxonomy":"product_cat","embeddable":true,"href":"https:\/\/reyma-mobiliario.com\/fr\/wp-json\/wp\/v2\/product_cat?post=25251"},{"taxonomy":"product_tag","embeddable":true,"href":"https:\/\/reyma-mobiliario.com\/fr\/wp-json\/wp\/v2\/product_tag?post=25251"}],"curies":[{"name":"wp","href":"https:\/\/api.w.org\/{rel}","templated":true}]}}