{"id":25344,"date":"2020-07-23T10:00:52","date_gmt":"2023-02-16T16:45:53","guid":{"rendered":"https:\/\/reyma-mobiliario.com\/?post_type=product&#038;p=25344"},"modified":"2024-09-10T08:56:59","modified_gmt":"2024-09-10T06:56:59","slug":"chaise-aloha-grise","status":"publish","type":"product","link":"https:\/\/reyma-mobiliario.com\/fr\/productos\/chaise-aloha-grise\/","title":{"rendered":"Chaise Aloha grise"},"content":{"rendered":"<p>Chaise avec dossier en corde grise et assises rembourr\u00e9es. Convient pour une utilisation en int\u00e9rieur.<\/p>\n","protected":false},"excerpt":{"rendered":"<p><strong>Poids<\/strong>\u00a0: 4,80\u00a0kg<\/p>\n<p><strong>Mat\u00e9riaux<\/strong>\u00a0:<br \/>\nStructure et dossier en aluminium peint en noir avec corde grise.<br \/>\nSi\u00e8ges rembourr\u00e9s de la s\u00e9rie america : gris, bois de santal, vert, samba, indiana, panama, bleu, etc.<\/p>\n<p><strong>Dimensions<\/strong>\u00a0:<br \/>\n<img loading=\"lazy\" decoding=\"async\" class=\"alignnone size-full wp-image-11924\" src=\"https:\/\/reyma-mobiliario.com\/wp-content\/uploads\/2023\/02\/aloha-silla.jpg\" alt=\"Dimensiones silla aloha REYMA\" width=\"120\" height=\"120\" \/><\/p>\n","protected":false},"featured_media":25351,"template":"","meta":[],"product_brand":[],"product_cat":[1121,1114],"product_tag":[1347,1360,1868,1917],"class_list":{"0":"post-25344","1":"product","2":"type-product","3":"status-publish","4":"has-post-thumbnail","6":"product_cat-chaises-dinterieur","7":"product_cat-interieur","8":"product_tag-chaises","9":"product_tag-chaises-dinterieur","10":"product_tag-nouvelle-2023","11":"product_tag-serie-aloha-fr","13":"first","14":"instock","15":"shipping-taxable","16":"product-type-simple"},"aioseo_notices":[],"_links":{"self":[{"href":"https:\/\/reyma-mobiliario.com\/fr\/wp-json\/wp\/v2\/product\/25344","targetHints":{"allow":["GET"]}}],"collection":[{"href":"https:\/\/reyma-mobiliario.com\/fr\/wp-json\/wp\/v2\/product"}],"about":[{"href":"https:\/\/reyma-mobiliario.com\/fr\/wp-json\/wp\/v2\/types\/product"}],"wp:featuredmedia":[{"embeddable":true,"href":"https:\/\/reyma-mobiliario.com\/fr\/wp-json\/wp\/v2\/media\/25351"}],"wp:attachment":[{"href":"https:\/\/reyma-mobiliario.com\/fr\/wp-json\/wp\/v2\/media?parent=25344"}],"wp:term":[{"taxonomy":"product_brand","embeddable":true,"href":"https:\/\/reyma-mobiliario.com\/fr\/wp-json\/wp\/v2\/product_brand?post=25344"},{"taxonomy":"product_cat","embeddable":true,"href":"https:\/\/reyma-mobiliario.com\/fr\/wp-json\/wp\/v2\/product_cat?post=25344"},{"taxonomy":"product_tag","embeddable":true,"href":"https:\/\/reyma-mobiliario.com\/fr\/wp-json\/wp\/v2\/product_tag?post=25344"}],"curies":[{"name":"wp","href":"https:\/\/api.w.org\/{rel}","templated":true}]}}