{"id":25407,"date":"2023-12-26T10:00:13","date_gmt":"2023-12-26T09:00:13","guid":{"rendered":"https:\/\/reyma-mobiliario.com\/?post_type=product&#038;p=25407"},"modified":"2026-03-13T09:39:29","modified_gmt":"2026-03-13T08:39:29","slug":"chaise-provenza","status":"publish","type":"product","link":"https:\/\/reyma-mobiliario.com\/fr\/productos\/chaise-provenza\/","title":{"rendered":"Chaise Provenza"},"content":{"rendered":"<p>Chaise de restauration de style tropical avec rope grise ou cr\u00e8me. Convient pour une utilisation ext\u00e9rieure et int\u00e9rieure.<\/p>\n","protected":false},"excerpt":{"rendered":"<p><strong>Poids\u00a0: <\/strong> 2,75\u00a0kg<br \/>\n<strong>Mat\u00e9riaux\u00a0: <\/strong><br \/>\nCadre en aluminium peint en noir.<br \/>\nAssise et dossier en rope cr\u00e8me<\/p>\n<p>Cadre en aluminium peint d\u00e9co ch\u00eane naturel<br \/>\nAssise et dossier en rope grise ou cr\u00e8me<\/p>\n<p><strong>Empilable.<br \/>\n<\/strong><\/p>\n<p><strong>Dimensions<\/strong>\u00a0:<br \/>\n<img loading=\"lazy\" decoding=\"async\" class=\"alignnone size-full wp-image-11924\" src=\"https:\/\/reyma-mobiliario.com\/wp-content\/uploads\/2025\/03\/2025-provenza-silla.jpg\" alt=\"Dimensions chaise Provenza REYMA\" width=\"120\" height=\"120\" \/><\/p>\n","protected":false},"featured_media":30157,"template":"","meta":[],"product_brand":[],"product_cat":[1111,1106],"product_tag":[1168,2079,1868,1920],"class_list":{"0":"post-25407","1":"product","2":"type-product","3":"status-publish","4":"has-post-thumbnail","6":"product_cat-chaises-dexterieur","7":"product_cat-exterieur","8":"product_tag-mobilier-dexterieur","9":"product_tag-nouveau-2025","10":"product_tag-nouvelle-2023","11":"product_tag-serie-provenza-fr","13":"first","14":"instock","15":"shipping-taxable","16":"purchasable","17":"product-type-variable"},"aioseo_notices":[],"_links":{"self":[{"href":"https:\/\/reyma-mobiliario.com\/fr\/wp-json\/wp\/v2\/product\/25407","targetHints":{"allow":["GET"]}}],"collection":[{"href":"https:\/\/reyma-mobiliario.com\/fr\/wp-json\/wp\/v2\/product"}],"about":[{"href":"https:\/\/reyma-mobiliario.com\/fr\/wp-json\/wp\/v2\/types\/product"}],"wp:featuredmedia":[{"embeddable":true,"href":"https:\/\/reyma-mobiliario.com\/fr\/wp-json\/wp\/v2\/media\/30157"}],"wp:attachment":[{"href":"https:\/\/reyma-mobiliario.com\/fr\/wp-json\/wp\/v2\/media?parent=25407"}],"wp:term":[{"taxonomy":"product_brand","embeddable":true,"href":"https:\/\/reyma-mobiliario.com\/fr\/wp-json\/wp\/v2\/product_brand?post=25407"},{"taxonomy":"product_cat","embeddable":true,"href":"https:\/\/reyma-mobiliario.com\/fr\/wp-json\/wp\/v2\/product_cat?post=25407"},{"taxonomy":"product_tag","embeddable":true,"href":"https:\/\/reyma-mobiliario.com\/fr\/wp-json\/wp\/v2\/product_tag?post=25407"}],"curies":[{"name":"wp","href":"https:\/\/api.w.org\/{rel}","templated":true}]}}