{"id":25526,"date":"2021-12-28T10:00:35","date_gmt":"2023-02-20T16:06:36","guid":{"rendered":"https:\/\/reyma-mobiliario.com\/?post_type=product&#038;p=25526"},"modified":"2025-03-14T12:32:10","modified_gmt":"2025-03-14T11:32:10","slug":"fauteuil-biarritz-textilene-duo","status":"publish","type":"product","link":"https:\/\/reyma-mobiliario.com\/fr\/productos\/fauteuil-biarritz-textilene-duo\/","title":{"rendered":"Fauteuil Biarritz Textilene DUO"},"content":{"rendered":"<p>Fauteuil avec textile DUO de style colonial. Avec accoudoirs arrondis et dossier haut. empilable<\/p>\n","protected":false},"excerpt":{"rendered":"<p><strong> Poids: <\/strong> 4,25 kg.<\/p>\n<p><strong> Mat\u00e9riaux: <\/strong><br \/>\nCadre en aluminium peint en bambou d\u00e9co<br \/>\nAssise et dossier en textil\u00e8ne DUO : noir et cr\u00e8me, rouge et cr\u00e8me, vert et cr\u00e8me ; ou bleu et blanc<\/p>\n<p><strong> Dimensions <\/strong>:<br \/>\n<img decoding=\"async\" class=\"alignnone size-full wp-image-11924\" src=\"https:\/\/reyma-mobiliario.com\/wp-content\/uploads\/2025\/03\/2025-biarritz-sillon.jpg\" alt=\"Dimensions fauteuil biarritz REYMA\" width=\"120\" \/><\/p>\n","protected":false},"featured_media":25547,"template":"","meta":[],"product_brand":[],"product_cat":[1106,1112],"product_tag":[1361,1868,1753],"class_list":{"0":"post-25526","1":"product","2":"type-product","3":"status-publish","4":"has-post-thumbnail","6":"product_cat-exterieur","7":"product_cat-fauteuils-dexterieur","8":"product_tag-fauteuils-dexterieur","9":"product_tag-nouvelle-2023","10":"product_tag-serie-biarritz-fr","12":"first","13":"instock","14":"shipping-taxable","15":"purchasable","16":"product-type-variable"},"aioseo_notices":[],"_links":{"self":[{"href":"https:\/\/reyma-mobiliario.com\/fr\/wp-json\/wp\/v2\/product\/25526","targetHints":{"allow":["GET"]}}],"collection":[{"href":"https:\/\/reyma-mobiliario.com\/fr\/wp-json\/wp\/v2\/product"}],"about":[{"href":"https:\/\/reyma-mobiliario.com\/fr\/wp-json\/wp\/v2\/types\/product"}],"wp:featuredmedia":[{"embeddable":true,"href":"https:\/\/reyma-mobiliario.com\/fr\/wp-json\/wp\/v2\/media\/25547"}],"wp:attachment":[{"href":"https:\/\/reyma-mobiliario.com\/fr\/wp-json\/wp\/v2\/media?parent=25526"}],"wp:term":[{"taxonomy":"product_brand","embeddable":true,"href":"https:\/\/reyma-mobiliario.com\/fr\/wp-json\/wp\/v2\/product_brand?post=25526"},{"taxonomy":"product_cat","embeddable":true,"href":"https:\/\/reyma-mobiliario.com\/fr\/wp-json\/wp\/v2\/product_cat?post=25526"},{"taxonomy":"product_tag","embeddable":true,"href":"https:\/\/reyma-mobiliario.com\/fr\/wp-json\/wp\/v2\/product_tag?post=25526"}],"curies":[{"name":"wp","href":"https:\/\/api.w.org\/{rel}","templated":true}]}}