{"id":25763,"date":"2020-04-05T10:00:20","date_gmt":"2023-03-02T07:55:20","guid":{"rendered":"https:\/\/reyma-mobiliario.com\/?post_type=product&#038;p=25763"},"modified":"2024-09-10T08:44:34","modified_gmt":"2024-09-10T06:44:34","slug":"table-alaska-blanche","status":"publish","type":"product","link":"https:\/\/reyma-mobiliario.com\/fr\/productos\/table-alaska-blanche\/","title":{"rendered":"Table Alaska Blanche 8000"},"content":{"rendered":"<p>Table et structure en acier peint en blanc aux lignes simples. Le pied s&rsquo;adapte \u00e0 de nombreuses mesures, \u00e9tant tr\u00e8s r\u00e9sistant pour les grandes mesures.<\/p>\n","protected":false},"excerpt":{"rendered":"<p><strong> Hauteur: <\/strong> 75 cm<\/p>\n<p><strong> Mat\u00e9riaux <\/strong>:<br \/>\nPied en acier peint en blanc<br \/>\nPlateaux: Werzalit, Compact et m\u00e9lamine*.<br \/>\n*m\u00e9lamine pour usage int\u00e9rieur seulement.<\/p>\n<p><strong> Mesures du plateaux: <\/strong><br \/>\n90\u00d8, 100\u00d8, 110\u00d8, 120\u00d8<br \/>\n70&#215;70, 80&#215;80, 90&#215;90, 110&#215;70 et 120&#215;80<\/p>\n","protected":false},"featured_media":25769,"template":"","meta":[],"product_brand":[],"product_cat":[1110,1119],"product_tag":[1797,1184,1166],"class_list":{"0":"post-25763","1":"product","2":"type-product","3":"status-publish","4":"has-post-thumbnail","6":"product_cat-tables-dexterieur","7":"product_cat-tables-dinterieur","8":"product_tag-nouveautes-2022","9":"product_tag-serie-alaska-fr","10":"product_tag-tables-fr","12":"first","13":"instock","14":"shipping-taxable","15":"product-type-simple"},"aioseo_notices":[],"_links":{"self":[{"href":"https:\/\/reyma-mobiliario.com\/fr\/wp-json\/wp\/v2\/product\/25763","targetHints":{"allow":["GET"]}}],"collection":[{"href":"https:\/\/reyma-mobiliario.com\/fr\/wp-json\/wp\/v2\/product"}],"about":[{"href":"https:\/\/reyma-mobiliario.com\/fr\/wp-json\/wp\/v2\/types\/product"}],"wp:featuredmedia":[{"embeddable":true,"href":"https:\/\/reyma-mobiliario.com\/fr\/wp-json\/wp\/v2\/media\/25769"}],"wp:attachment":[{"href":"https:\/\/reyma-mobiliario.com\/fr\/wp-json\/wp\/v2\/media?parent=25763"}],"wp:term":[{"taxonomy":"product_brand","embeddable":true,"href":"https:\/\/reyma-mobiliario.com\/fr\/wp-json\/wp\/v2\/product_brand?post=25763"},{"taxonomy":"product_cat","embeddable":true,"href":"https:\/\/reyma-mobiliario.com\/fr\/wp-json\/wp\/v2\/product_cat?post=25763"},{"taxonomy":"product_tag","embeddable":true,"href":"https:\/\/reyma-mobiliario.com\/fr\/wp-json\/wp\/v2\/product_tag?post=25763"}],"curies":[{"name":"wp","href":"https:\/\/api.w.org\/{rel}","templated":true}]}}