{"id":26317,"date":"2023-05-05T10:04:18","date_gmt":"2023-05-05T08:04:19","guid":{"rendered":"https:\/\/reyma-mobiliario.com\/?post_type=product&#038;p=26317"},"modified":"2025-04-02T09:11:50","modified_gmt":"2025-04-02T07:11:50","slug":"tapisse-bleu","status":"publish","type":"product","link":"https:\/\/reyma-mobiliario.com\/fr\/productos\/tapisse-bleu\/","title":{"rendered":"Tapiss\u00e9 P.U. Bleu"},"content":{"rendered":"<p>\u00c9chantillon de tapisserie P.U. Bleu<\/p>\n","protected":false},"excerpt":{"rendered":"<p>\u00c9chantillon de tapisserie P.U. Bleu<br \/>\nConvient pour une utilisation en int\u00e9rieur uniquement.<\/p>\n<p>Disponible en types de si\u00e8ges: Am\u00e9rica, \u00c1tico, Charlotte \u00d835 et M\u00f3naco Plus 36&#215;31<\/p>\n","protected":false},"featured_media":26229,"template":"","meta":[],"product_brand":[],"product_cat":[1960,1961],"product_tag":[2407,2411,2408,2410],"class_list":{"0":"post-26317","1":"product","2":"type-product","3":"status-publish","4":"has-post-thumbnail","6":"product_cat-finitions","7":"product_cat-tapisse","8":"product_tag-assise-type-america","9":"product_tag-assise-type-atico","10":"product_tag-assise-type-charlotte-o35","11":"product_tag-assise-type-monaco-plus-31x36","13":"first","14":"instock","15":"shipping-taxable","16":"product-type-simple"},"aioseo_notices":[],"_links":{"self":[{"href":"https:\/\/reyma-mobiliario.com\/fr\/wp-json\/wp\/v2\/product\/26317","targetHints":{"allow":["GET"]}}],"collection":[{"href":"https:\/\/reyma-mobiliario.com\/fr\/wp-json\/wp\/v2\/product"}],"about":[{"href":"https:\/\/reyma-mobiliario.com\/fr\/wp-json\/wp\/v2\/types\/product"}],"wp:featuredmedia":[{"embeddable":true,"href":"https:\/\/reyma-mobiliario.com\/fr\/wp-json\/wp\/v2\/media\/26229"}],"wp:attachment":[{"href":"https:\/\/reyma-mobiliario.com\/fr\/wp-json\/wp\/v2\/media?parent=26317"}],"wp:term":[{"taxonomy":"product_brand","embeddable":true,"href":"https:\/\/reyma-mobiliario.com\/fr\/wp-json\/wp\/v2\/product_brand?post=26317"},{"taxonomy":"product_cat","embeddable":true,"href":"https:\/\/reyma-mobiliario.com\/fr\/wp-json\/wp\/v2\/product_cat?post=26317"},{"taxonomy":"product_tag","embeddable":true,"href":"https:\/\/reyma-mobiliario.com\/fr\/wp-json\/wp\/v2\/product_tag?post=26317"}],"curies":[{"name":"wp","href":"https:\/\/api.w.org\/{rel}","templated":true}]}}