{"id":26435,"date":"2023-05-09T12:35:16","date_gmt":"2023-05-09T10:35:16","guid":{"rendered":"https:\/\/reyma-mobiliario.com\/?post_type=product&#038;p=26435"},"modified":"2023-05-09T12:40:35","modified_gmt":"2023-05-09T10:40:35","slug":"osier-cafe","status":"publish","type":"product","link":"https:\/\/reyma-mobiliario.com\/fr\/productos\/osier-cafe\/","title":{"rendered":"Osier Caf\u00e9"},"content":{"rendered":"<p>\u00c9chantillon de osier caf\u00e9<\/p>\n","protected":false},"excerpt":{"rendered":"<p>\u00c9chantillon de osier caf\u00e9<br \/>\nConvient pour une utilisation en int\u00e9rieur et ext\u00e9rieur.<\/p>\n","protected":false},"featured_media":26407,"template":"","meta":[],"product_brand":[],"product_cat":[1960,1974],"product_tag":[],"class_list":{"0":"post-26435","1":"product","2":"type-product","3":"status-publish","4":"has-post-thumbnail","6":"product_cat-finitions","7":"product_cat-osier","9":"first","10":"instock","11":"shipping-taxable","12":"product-type-simple"},"aioseo_notices":[],"_links":{"self":[{"href":"https:\/\/reyma-mobiliario.com\/fr\/wp-json\/wp\/v2\/product\/26435","targetHints":{"allow":["GET"]}}],"collection":[{"href":"https:\/\/reyma-mobiliario.com\/fr\/wp-json\/wp\/v2\/product"}],"about":[{"href":"https:\/\/reyma-mobiliario.com\/fr\/wp-json\/wp\/v2\/types\/product"}],"wp:featuredmedia":[{"embeddable":true,"href":"https:\/\/reyma-mobiliario.com\/fr\/wp-json\/wp\/v2\/media\/26407"}],"wp:attachment":[{"href":"https:\/\/reyma-mobiliario.com\/fr\/wp-json\/wp\/v2\/media?parent=26435"}],"wp:term":[{"taxonomy":"product_brand","embeddable":true,"href":"https:\/\/reyma-mobiliario.com\/fr\/wp-json\/wp\/v2\/product_brand?post=26435"},{"taxonomy":"product_cat","embeddable":true,"href":"https:\/\/reyma-mobiliario.com\/fr\/wp-json\/wp\/v2\/product_cat?post=26435"},{"taxonomy":"product_tag","embeddable":true,"href":"https:\/\/reyma-mobiliario.com\/fr\/wp-json\/wp\/v2\/product_tag?post=26435"}],"curies":[{"name":"wp","href":"https:\/\/api.w.org\/{rel}","templated":true}]}}