{"id":26627,"date":"2013-05-16T16:34:24","date_gmt":"2023-05-16T14:34:26","guid":{"rendered":"https:\/\/reyma-mobiliario.com\/?post_type=product&#038;p=26627"},"modified":"2025-04-15T10:35:09","modified_gmt":"2025-04-15T08:35:09","slug":"fauteuil-eros-textilene","status":"publish","type":"product","link":"https:\/\/reyma-mobiliario.com\/fr\/productos\/fauteuil-eros-textilene\/","title":{"rendered":"Fauteuil Eros Textilene"},"content":{"rendered":"<p>Le fauteuil eros est l&rsquo;un des plus polyvalents de Reyma Mobiliario. Il s&rsquo;agit de sa version avec assise et dossier en textilene. Il convient aussi bien \u00e0 l&rsquo;int\u00e9rieur qu&rsquo;\u00e0 l&rsquo;ext\u00e9rieur.<\/p>\n","protected":false},"excerpt":{"rendered":"<p><strong> Poids: <\/strong> 4,45 kg<\/p>\n<p><strong> Mat\u00e9riaux <\/strong>:<br \/>\nStructure en aluminium peint graphite ou gris avec textilene gris avec bois bras.<br \/>\nStructure en aluminium peint graphite avec textilene automne avec bois bras ou aluminium bras.<\/p>\n<p><strong> Dimensions <\/strong>:<br \/>\n<img loading=\"lazy\" decoding=\"async\" class=\"alignnone size-full wp-image-11924\" src=\"https:\/\/reyma-mobiliario.com\/wp-content\/uploads\/2025\/04\/2025-eros-sillon.jpg\" alt=\"Dimensions fauteuil Eros REYMA\" width=\"120\" height=\"120\" \/><\/p>\n","protected":false},"featured_media":14157,"template":"","meta":[],"product_brand":[],"product_cat":[1106,1112],"product_tag":[1144,1362,1168,1172,1234,1358],"class_list":{"0":"post-26627","1":"product","2":"type-product","3":"status-publish","4":"has-post-thumbnail","6":"product_cat-exterieur","7":"product_cat-fauteuils-dexterieur","8":"product_tag-aluminium","9":"product_tag-fauteuil","10":"product_tag-mobilier-dexterieur","11":"product_tag-nouvelles-2017","12":"product_tag-serie-eros-fr","13":"product_tag-textilene-fr","15":"first","16":"instock","17":"shipping-taxable","18":"purchasable","19":"product-type-variable"},"aioseo_notices":[],"_links":{"self":[{"href":"https:\/\/reyma-mobiliario.com\/fr\/wp-json\/wp\/v2\/product\/26627","targetHints":{"allow":["GET"]}}],"collection":[{"href":"https:\/\/reyma-mobiliario.com\/fr\/wp-json\/wp\/v2\/product"}],"about":[{"href":"https:\/\/reyma-mobiliario.com\/fr\/wp-json\/wp\/v2\/types\/product"}],"wp:featuredmedia":[{"embeddable":true,"href":"https:\/\/reyma-mobiliario.com\/fr\/wp-json\/wp\/v2\/media\/14157"}],"wp:attachment":[{"href":"https:\/\/reyma-mobiliario.com\/fr\/wp-json\/wp\/v2\/media?parent=26627"}],"wp:term":[{"taxonomy":"product_brand","embeddable":true,"href":"https:\/\/reyma-mobiliario.com\/fr\/wp-json\/wp\/v2\/product_brand?post=26627"},{"taxonomy":"product_cat","embeddable":true,"href":"https:\/\/reyma-mobiliario.com\/fr\/wp-json\/wp\/v2\/product_cat?post=26627"},{"taxonomy":"product_tag","embeddable":true,"href":"https:\/\/reyma-mobiliario.com\/fr\/wp-json\/wp\/v2\/product_tag?post=26627"}],"curies":[{"name":"wp","href":"https:\/\/api.w.org\/{rel}","templated":true}]}}