{"id":26666,"date":"2023-05-18T09:27:34","date_gmt":"2023-05-18T07:27:34","guid":{"rendered":"https:\/\/reyma-mobiliario.com\/?post_type=product&#038;p=26666"},"modified":"2023-07-07T14:28:09","modified_gmt":"2023-07-07T12:28:09","slug":"corde-ropecerdegna-gris","status":"publish","type":"product","link":"https:\/\/reyma-mobiliario.com\/fr\/productos\/corde-ropecerdegna-gris\/","title":{"rendered":"Corde Rope Cerde\u00f1a Gris"},"content":{"rendered":"<p>\u00c9chantillon de Corde Rope de la s\u00e9rie Cerde\u00f1a en gris<\/p>\n","protected":false},"excerpt":{"rendered":"<p>\u00c9chantillon de corde rope de la s\u00e9rie Cerde\u00f1a de couleur gris<br \/>\nConvient pour une utilisation int\u00e9rieure et ext\u00e9rieure.<\/p>\n","protected":false},"featured_media":26653,"template":"","meta":[],"product_brand":[],"product_cat":[1986,1960],"product_tag":[],"class_list":{"0":"post-26666","1":"product","2":"type-product","3":"status-publish","4":"has-post-thumbnail","6":"product_cat-corde-rope","7":"product_cat-finitions","9":"first","10":"instock","11":"shipping-taxable","12":"product-type-simple"},"aioseo_notices":[],"_links":{"self":[{"href":"https:\/\/reyma-mobiliario.com\/fr\/wp-json\/wp\/v2\/product\/26666","targetHints":{"allow":["GET"]}}],"collection":[{"href":"https:\/\/reyma-mobiliario.com\/fr\/wp-json\/wp\/v2\/product"}],"about":[{"href":"https:\/\/reyma-mobiliario.com\/fr\/wp-json\/wp\/v2\/types\/product"}],"wp:featuredmedia":[{"embeddable":true,"href":"https:\/\/reyma-mobiliario.com\/fr\/wp-json\/wp\/v2\/media\/26653"}],"wp:attachment":[{"href":"https:\/\/reyma-mobiliario.com\/fr\/wp-json\/wp\/v2\/media?parent=26666"}],"wp:term":[{"taxonomy":"product_brand","embeddable":true,"href":"https:\/\/reyma-mobiliario.com\/fr\/wp-json\/wp\/v2\/product_brand?post=26666"},{"taxonomy":"product_cat","embeddable":true,"href":"https:\/\/reyma-mobiliario.com\/fr\/wp-json\/wp\/v2\/product_cat?post=26666"},{"taxonomy":"product_tag","embeddable":true,"href":"https:\/\/reyma-mobiliario.com\/fr\/wp-json\/wp\/v2\/product_tag?post=26666"}],"curies":[{"name":"wp","href":"https:\/\/api.w.org\/{rel}","templated":true}]}}