{"id":26864,"date":"2024-01-24T10:00:00","date_gmt":"2023-06-15T15:46:02","guid":{"rendered":"https:\/\/reyma-mobiliario.com\/?post_type=product&#038;p=26864"},"modified":"2024-09-10T08:57:09","modified_gmt":"2024-09-10T06:57:09","slug":"fauteuil-estocolmo","status":"publish","type":"product","link":"https:\/\/reyma-mobiliario.com\/fr\/productos\/fauteuil-estocolmo\/","title":{"rendered":"Fauteuil Estocolmo"},"content":{"rendered":"<p>Fauteuil pour l&rsquo;int\u00e9rieur avec diff\u00e9rents rev\u00eatements. Ch\u00e2ssis en acier solide.<\/p>\n","protected":false},"excerpt":{"rendered":"<p><strong>Poids\u00a0: <\/strong>8,05\u00a0kg<\/p>\n<p><strong>Mat\u00e9riaux\u00a0: <\/strong><br \/>\nStructure en acier peint en noir avec assise et dossier rembourr\u00e9s en bois de santal, gris, moutarde, indiana, panama ou bleu.<\/p>\n<p><strong>Dimensions<\/strong>\u00a0:<br \/>\n<img loading=\"lazy\" decoding=\"async\" class=\"alignnone size-full wp-image-11924\" src=\"https:\/\/reyma-mobiliario.com\/wp-content\/uploads\/2023\/06\/estocolmo-sillon.jpg\" alt=\"Dimensions du fauteuil Estocolmo REYMA\" width=\"120\" height=\"120\" \/><\/p>\n","protected":false},"featured_media":26918,"template":"","meta":[],"product_brand":[],"product_cat":[1124,1114],"product_tag":[1868,2002],"class_list":{"0":"post-26864","1":"product","2":"type-product","3":"status-publish","4":"has-post-thumbnail","6":"product_cat-fauteuils-dinterieur-fr","7":"product_cat-interieur","8":"product_tag-nouvelle-2023","9":"product_tag-serie-estocolmo-fr-2","11":"first","12":"instock","13":"shipping-taxable","14":"purchasable","15":"product-type-variable"},"aioseo_notices":[],"_links":{"self":[{"href":"https:\/\/reyma-mobiliario.com\/fr\/wp-json\/wp\/v2\/product\/26864","targetHints":{"allow":["GET"]}}],"collection":[{"href":"https:\/\/reyma-mobiliario.com\/fr\/wp-json\/wp\/v2\/product"}],"about":[{"href":"https:\/\/reyma-mobiliario.com\/fr\/wp-json\/wp\/v2\/types\/product"}],"wp:featuredmedia":[{"embeddable":true,"href":"https:\/\/reyma-mobiliario.com\/fr\/wp-json\/wp\/v2\/media\/26918"}],"wp:attachment":[{"href":"https:\/\/reyma-mobiliario.com\/fr\/wp-json\/wp\/v2\/media?parent=26864"}],"wp:term":[{"taxonomy":"product_brand","embeddable":true,"href":"https:\/\/reyma-mobiliario.com\/fr\/wp-json\/wp\/v2\/product_brand?post=26864"},{"taxonomy":"product_cat","embeddable":true,"href":"https:\/\/reyma-mobiliario.com\/fr\/wp-json\/wp\/v2\/product_cat?post=26864"},{"taxonomy":"product_tag","embeddable":true,"href":"https:\/\/reyma-mobiliario.com\/fr\/wp-json\/wp\/v2\/product_tag?post=26864"}],"curies":[{"name":"wp","href":"https:\/\/api.w.org\/{rel}","templated":true}]}}