{"id":27058,"date":"2024-01-16T10:00:53","date_gmt":"2023-07-05T07:25:55","guid":{"rendered":"https:\/\/reyma-mobiliario.com\/?post_type=product&#038;p=27058"},"modified":"2025-03-04T16:21:24","modified_gmt":"2025-03-04T15:21:24","slug":"table-islandia-haut","status":"publish","type":"product","link":"https:\/\/reyma-mobiliario.com\/fr\/productos\/table-islandia-haut\/","title":{"rendered":"Table Islandia Haut"},"content":{"rendered":"<p>Table en aluminium con\u00e7ue pour l&rsquo;ext\u00e9rieur avec une hauteur de table d&rsquo;environ 110. Avec un design aux lignes simples adapt\u00e9es \u00e0 diff\u00e9rents types de plateau et int\u00e8gre un syst\u00e8me de pliage.<\/p>\n","protected":false},"excerpt":{"rendered":"<p><strong>Hauteur\u00a0:<\/strong> 110\u00a0cm<\/p>\n<p><strong>Mat\u00e9riaux<\/strong>\u00a0:<br \/>\nPied en aluminium peint en noir, graphite, taup\u00e9 et blanc.<br \/>\nSocle 4 points avec contrepoids<br \/>\nAvec systema pliable.<\/p>\n<p>Plateaux : Werzalit ou Compact<\/p>\n<p><strong>Mesures de table\u00a0:<\/strong><br \/>\n60\u00d8, 70\u00d8,<br \/>\n60&#215;60<\/p>\n","protected":false},"featured_media":28243,"template":"","meta":[],"product_brand":[],"product_cat":[1106,1110],"product_tag":[1144,1168,1868,1138,2009,1779,1166],"class_list":{"0":"post-27058","1":"product","2":"type-product","3":"status-publish","4":"has-post-thumbnail","6":"product_cat-exterieur","7":"product_cat-tables-dexterieur","8":"product_tag-aluminium","9":"product_tag-mobilier-dexterieur","10":"product_tag-nouvelle-2023","11":"product_tag-pliable","12":"product_tag-serie-islandia-fr","13":"product_tag-systeme-de-pliage","14":"product_tag-tables-fr","16":"first","17":"instock","18":"shipping-taxable","19":"purchasable","20":"product-type-variable"},"aioseo_notices":[],"_links":{"self":[{"href":"https:\/\/reyma-mobiliario.com\/fr\/wp-json\/wp\/v2\/product\/27058","targetHints":{"allow":["GET"]}}],"collection":[{"href":"https:\/\/reyma-mobiliario.com\/fr\/wp-json\/wp\/v2\/product"}],"about":[{"href":"https:\/\/reyma-mobiliario.com\/fr\/wp-json\/wp\/v2\/types\/product"}],"wp:featuredmedia":[{"embeddable":true,"href":"https:\/\/reyma-mobiliario.com\/fr\/wp-json\/wp\/v2\/media\/28243"}],"wp:attachment":[{"href":"https:\/\/reyma-mobiliario.com\/fr\/wp-json\/wp\/v2\/media?parent=27058"}],"wp:term":[{"taxonomy":"product_brand","embeddable":true,"href":"https:\/\/reyma-mobiliario.com\/fr\/wp-json\/wp\/v2\/product_brand?post=27058"},{"taxonomy":"product_cat","embeddable":true,"href":"https:\/\/reyma-mobiliario.com\/fr\/wp-json\/wp\/v2\/product_cat?post=27058"},{"taxonomy":"product_tag","embeddable":true,"href":"https:\/\/reyma-mobiliario.com\/fr\/wp-json\/wp\/v2\/product_tag?post=27058"}],"curies":[{"name":"wp","href":"https:\/\/api.w.org\/{rel}","templated":true}]}}