{"id":27243,"date":"2023-07-11T14:23:45","date_gmt":"2023-07-11T12:23:46","guid":{"rendered":"https:\/\/reyma-mobiliario.com\/?post_type=product&#038;p=27243"},"modified":"2023-07-11T14:32:10","modified_gmt":"2023-07-11T12:32:10","slug":"base-pliante-islandia","status":"publish","type":"product","link":"https:\/\/reyma-mobiliario.com\/fr\/productos\/base-pliante-islandia\/","title":{"rendered":"Base Pliante Islandia"},"content":{"rendered":"<p>Pied pour <strong>table pliante<\/strong> disponible en deux hauteurs, avec syst\u00e8me de pliage et verrouillage de s\u00e9curit\u00e9, en aluminium avec contrepoids.<\/p>\n","protected":false},"excerpt":{"rendered":"<p><strong>Mat\u00e9riel\u00a0:<\/strong> Aluminium<\/p>\n<p><strong>Couleurs disponibles\u00a0:<\/strong> Noir, Graphite, Blanc ou Taupe<\/p>\n<p><strong>Hauteurs des colonnes\u00a0:<\/strong><br \/>\nDisponible en 72 cm et 108 cm, selon le plateau ou plateau qu&rsquo;elle porte, la table r\u00e9sultante aura respectivement une hauteur de 74 ou 110 cm.<\/p>\n<p><strong>Poids\u00a0:<\/strong><br \/>\nPied repliable avec contrepoids H72 : 6,45 Kg<br \/>\nSocle pliant avec contrepoids H108\u00a0: 6,95 Kg<\/p>\n<p><strong> Poids: <\/strong><br \/>\nPied pliant Norv\u00e8ge H72: 3,35 Kg<br \/>\nPied pliant Norv\u00e8ge H108: 3,75 Kg<\/p>\n<p>&nbsp;<\/p>\n<div><\/div>\n","protected":false},"featured_media":27221,"template":"","meta":[],"product_brand":[],"product_cat":[1647],"product_tag":[1650,2009,1779],"class_list":{"0":"post-27243","1":"product","2":"type-product","3":"status-publish","4":"has-post-thumbnail","6":"product_cat-pieds-de-table","7":"product_tag-base-table","8":"product_tag-serie-islandia-fr","9":"product_tag-systeme-de-pliage","11":"first","12":"instock","13":"shipping-taxable","14":"purchasable","15":"product-type-variable"},"aioseo_notices":[],"_links":{"self":[{"href":"https:\/\/reyma-mobiliario.com\/fr\/wp-json\/wp\/v2\/product\/27243","targetHints":{"allow":["GET"]}}],"collection":[{"href":"https:\/\/reyma-mobiliario.com\/fr\/wp-json\/wp\/v2\/product"}],"about":[{"href":"https:\/\/reyma-mobiliario.com\/fr\/wp-json\/wp\/v2\/types\/product"}],"wp:featuredmedia":[{"embeddable":true,"href":"https:\/\/reyma-mobiliario.com\/fr\/wp-json\/wp\/v2\/media\/27221"}],"wp:attachment":[{"href":"https:\/\/reyma-mobiliario.com\/fr\/wp-json\/wp\/v2\/media?parent=27243"}],"wp:term":[{"taxonomy":"product_brand","embeddable":true,"href":"https:\/\/reyma-mobiliario.com\/fr\/wp-json\/wp\/v2\/product_brand?post=27243"},{"taxonomy":"product_cat","embeddable":true,"href":"https:\/\/reyma-mobiliario.com\/fr\/wp-json\/wp\/v2\/product_cat?post=27243"},{"taxonomy":"product_tag","embeddable":true,"href":"https:\/\/reyma-mobiliario.com\/fr\/wp-json\/wp\/v2\/product_tag?post=27243"}],"curies":[{"name":"wp","href":"https:\/\/api.w.org\/{rel}","templated":true}]}}