{"id":27285,"date":"2024-01-28T10:00:58","date_gmt":"2023-07-14T09:58:59","guid":{"rendered":"https:\/\/reyma-mobiliario.com\/?post_type=product&#038;p=27285"},"modified":"2025-03-13T11:28:35","modified_gmt":"2025-03-13T10:28:35","slug":"fauteuil-havana-creme","status":"publish","type":"product","link":"https:\/\/reyma-mobiliario.com\/fr\/productos\/fauteuil-havana-creme\/","title":{"rendered":"Fauteuil Havana Creme"},"content":{"rendered":"<p>Fauteuil de restauration de style colonial en aluminium adapt\u00e9 \u00e0 une utilisation int\u00e9rieure et ext\u00e9rieure.<\/p>\n","protected":false},"excerpt":{"rendered":"<p><strong>Poids\u00a0: <\/strong> 3,95\u00a0kg<\/p>\n<p><strong>Mat\u00e9riaux\u00a0: <\/strong><br \/>\nCadre en aluminium peint en noir ou ch\u00eane naturel d\u00e9co.<br \/>\nSi\u00e8ge en rope cr\u00e8me ou rope grise.<\/p>\n<p><strong>Empilable.<br \/>\n<\/strong><\/p>\n<p><strong>Dimensions<\/strong>\u00a0:<br \/>\n<img loading=\"lazy\" decoding=\"async\" class=\"alignnone size-full wp-image-11924\" src=\"https:\/\/reyma-mobiliario.com\/wp-content\/uploads\/2025\/03\/2025-havana-sillon.jpg\" alt=\"Dimensions Fauteuil Havana REYMA\" width=\"120\" height=\"120\" \/><\/p>\n","protected":false},"featured_media":27308,"template":"","meta":[],"product_brand":[],"product_cat":[1111,1106],"product_tag":[1168,1868,2012],"class_list":{"0":"post-27285","1":"product","2":"type-product","3":"status-publish","4":"has-post-thumbnail","6":"product_cat-chaises-dexterieur","7":"product_cat-exterieur","8":"product_tag-mobilier-dexterieur","9":"product_tag-nouvelle-2023","10":"product_tag-serie-havana-fr","12":"first","13":"instock","14":"featured","15":"shipping-taxable","16":"purchasable","17":"product-type-variable"},"aioseo_notices":[],"_links":{"self":[{"href":"https:\/\/reyma-mobiliario.com\/fr\/wp-json\/wp\/v2\/product\/27285","targetHints":{"allow":["GET"]}}],"collection":[{"href":"https:\/\/reyma-mobiliario.com\/fr\/wp-json\/wp\/v2\/product"}],"about":[{"href":"https:\/\/reyma-mobiliario.com\/fr\/wp-json\/wp\/v2\/types\/product"}],"wp:featuredmedia":[{"embeddable":true,"href":"https:\/\/reyma-mobiliario.com\/fr\/wp-json\/wp\/v2\/media\/27308"}],"wp:attachment":[{"href":"https:\/\/reyma-mobiliario.com\/fr\/wp-json\/wp\/v2\/media?parent=27285"}],"wp:term":[{"taxonomy":"product_brand","embeddable":true,"href":"https:\/\/reyma-mobiliario.com\/fr\/wp-json\/wp\/v2\/product_brand?post=27285"},{"taxonomy":"product_cat","embeddable":true,"href":"https:\/\/reyma-mobiliario.com\/fr\/wp-json\/wp\/v2\/product_cat?post=27285"},{"taxonomy":"product_tag","embeddable":true,"href":"https:\/\/reyma-mobiliario.com\/fr\/wp-json\/wp\/v2\/product_tag?post=27285"}],"curies":[{"name":"wp","href":"https:\/\/api.w.org\/{rel}","templated":true}]}}