{"id":28014,"date":"2023-11-15T10:00:05","date_gmt":"2023-11-06T14:31:08","guid":{"rendered":"https:\/\/reyma-mobiliario.com\/?post_type=product&#038;p=28014"},"modified":"2025-03-06T12:37:05","modified_gmt":"2025-03-06T11:37:05","slug":"table-mauricio-haute-out","status":"publish","type":"product","link":"https:\/\/reyma-mobiliario.com\/fr\/productos\/table-mauricio-haute-out\/","title":{"rendered":"Table Mauricio Haute OUT"},"content":{"rendered":"<p>Table en aluminium r\u00e9alis\u00e9e pour un usage ext\u00e9rieur d&rsquo;une hauteur de 110 cm. Conception simple et adapt\u00e9e \u00e0 diff\u00e9rents types de planches carr\u00e9es, rondes et rectangulaires.<\/p>\n","protected":false},"excerpt":{"rendered":"<p><strong>Hauteur\u00a0:<\/strong> 110 cm<\/p>\n<p><strong>Mat\u00e9riaux<\/strong>\u00a0:<br \/>\nPied en aluminium peint noir.<br \/>\nSocle 4 points 55x55cm<\/p>\n<p>Plateaux : Werzalit, Compact.<\/p>\n<p><strong>Mesures de table\u00a0:<\/strong><br \/>\n70\u00d8, 80\u00d8,<br \/>\n60&#215;60, 70&#215;70, 80&#215;80<br \/>\n110&#215;70 and 120&#215;80<\/p>\n","protected":false},"featured_media":28933,"template":"","meta":[],"product_brand":[],"product_cat":[1106,1110],"product_tag":[1144,1169,1902,1166],"class_list":{"0":"post-28014","1":"product","2":"type-product","3":"status-publish","4":"has-post-thumbnail","6":"product_cat-exterieur","7":"product_cat-tables-dexterieur","8":"product_tag-aluminium","9":"product_tag-mobilier-interieur","10":"product_tag-serie-mauricio-fr","11":"product_tag-tables-fr","13":"first","14":"instock","15":"shipping-taxable","16":"purchasable","17":"product-type-variable"},"aioseo_notices":[],"_links":{"self":[{"href":"https:\/\/reyma-mobiliario.com\/fr\/wp-json\/wp\/v2\/product\/28014","targetHints":{"allow":["GET"]}}],"collection":[{"href":"https:\/\/reyma-mobiliario.com\/fr\/wp-json\/wp\/v2\/product"}],"about":[{"href":"https:\/\/reyma-mobiliario.com\/fr\/wp-json\/wp\/v2\/types\/product"}],"wp:featuredmedia":[{"embeddable":true,"href":"https:\/\/reyma-mobiliario.com\/fr\/wp-json\/wp\/v2\/media\/28933"}],"wp:attachment":[{"href":"https:\/\/reyma-mobiliario.com\/fr\/wp-json\/wp\/v2\/media?parent=28014"}],"wp:term":[{"taxonomy":"product_brand","embeddable":true,"href":"https:\/\/reyma-mobiliario.com\/fr\/wp-json\/wp\/v2\/product_brand?post=28014"},{"taxonomy":"product_cat","embeddable":true,"href":"https:\/\/reyma-mobiliario.com\/fr\/wp-json\/wp\/v2\/product_cat?post=28014"},{"taxonomy":"product_tag","embeddable":true,"href":"https:\/\/reyma-mobiliario.com\/fr\/wp-json\/wp\/v2\/product_tag?post=28014"}],"curies":[{"name":"wp","href":"https:\/\/api.w.org\/{rel}","templated":true}]}}