{"id":28055,"date":"2023-12-21T10:00:28","date_gmt":"2023-11-06T15:54:29","guid":{"rendered":"https:\/\/reyma-mobiliario.com\/?post_type=product&#038;p=28055"},"modified":"2025-03-05T17:01:12","modified_gmt":"2025-03-05T16:01:12","slug":"table-danubio","status":"publish","type":"product","link":"https:\/\/reyma-mobiliario.com\/fr\/productos\/table-danubio\/","title":{"rendered":"Table Danubio IN"},"content":{"rendered":"<p>Table conique en aluminium 5\u00d8. Convient pour une utilisation int\u00e9rieure et ext\u00e9rieure.<\/p>\n","protected":false},"excerpt":{"rendered":"<p><strong> Hauteur : <\/strong> 75 cm<\/p>\n<p><strong> Mat\u00e9riaux <\/strong>:<br \/>\nPied en aluminium peint en noir.<br \/>\nPlateaux finition: Werzalit, compacte ou m\u00e9lamine.<\/p>\n<p><strong> Dimensions du plateaux: <\/strong><br \/>\n70&#215;70 et 80&#215;80<\/p>\n","protected":false},"featured_media":28073,"template":"","meta":[],"product_brand":[],"product_cat":[1114,1119],"product_tag":[2019,1166],"class_list":{"0":"post-28055","1":"product","2":"type-product","3":"status-publish","4":"has-post-thumbnail","6":"product_cat-interieur","7":"product_cat-tables-dinterieur","8":"product_tag-serie-danubio-fr","9":"product_tag-tables-fr","11":"first","12":"instock","13":"shipping-taxable","14":"product-type-simple"},"aioseo_notices":[],"_links":{"self":[{"href":"https:\/\/reyma-mobiliario.com\/fr\/wp-json\/wp\/v2\/product\/28055","targetHints":{"allow":["GET"]}}],"collection":[{"href":"https:\/\/reyma-mobiliario.com\/fr\/wp-json\/wp\/v2\/product"}],"about":[{"href":"https:\/\/reyma-mobiliario.com\/fr\/wp-json\/wp\/v2\/types\/product"}],"wp:featuredmedia":[{"embeddable":true,"href":"https:\/\/reyma-mobiliario.com\/fr\/wp-json\/wp\/v2\/media\/28073"}],"wp:attachment":[{"href":"https:\/\/reyma-mobiliario.com\/fr\/wp-json\/wp\/v2\/media?parent=28055"}],"wp:term":[{"taxonomy":"product_brand","embeddable":true,"href":"https:\/\/reyma-mobiliario.com\/fr\/wp-json\/wp\/v2\/product_brand?post=28055"},{"taxonomy":"product_cat","embeddable":true,"href":"https:\/\/reyma-mobiliario.com\/fr\/wp-json\/wp\/v2\/product_cat?post=28055"},{"taxonomy":"product_tag","embeddable":true,"href":"https:\/\/reyma-mobiliario.com\/fr\/wp-json\/wp\/v2\/product_tag?post=28055"}],"curies":[{"name":"wp","href":"https:\/\/api.w.org\/{rel}","templated":true}]}}