{"id":28097,"date":"2023-12-29T10:00:06","date_gmt":"2023-11-07T10:14:06","guid":{"rendered":"https:\/\/reyma-mobiliario.com\/?post_type=product&#038;p=28097"},"modified":"2025-03-04T18:12:13","modified_gmt":"2025-03-04T17:12:13","slug":"table-danubio-out","status":"publish","type":"product","link":"https:\/\/reyma-mobiliario.com\/fr\/productos\/table-danubio-out\/","title":{"rendered":"Table Danubio OUT"},"content":{"rendered":"<p>Table conique en aluminium 5\u00d8. Convient pour une utilisation int\u00e9rieure et ext\u00e9rieure.<\/p>\n","protected":false},"excerpt":{"rendered":"<p><strong> Hauteur : <\/strong> 75 cm<\/p>\n<p><strong> Mat\u00e9riaux <\/strong>:<br \/>\nPied en aluminium peint en noir.<br \/>\nPlateaux: werzalit ou compacte<\/p>\n<p><strong> Dimensions du plateaux: <\/strong><br \/>\n120&#215;80<\/p>\n","protected":false},"featured_media":28070,"template":"","meta":[],"product_brand":[],"product_cat":[1106,1110],"product_tag":[2022,2019,1166],"class_list":{"0":"post-28097","1":"product","2":"type-product","3":"status-publish","4":"has-post-thumbnail","6":"product_cat-exterieur","7":"product_cat-tables-dexterieur","8":"product_tag-nouvelles-2024","9":"product_tag-serie-danubio-fr","10":"product_tag-tables-fr","12":"first","13":"instock","14":"shipping-taxable","15":"product-type-simple"},"aioseo_notices":[],"_links":{"self":[{"href":"https:\/\/reyma-mobiliario.com\/fr\/wp-json\/wp\/v2\/product\/28097","targetHints":{"allow":["GET"]}}],"collection":[{"href":"https:\/\/reyma-mobiliario.com\/fr\/wp-json\/wp\/v2\/product"}],"about":[{"href":"https:\/\/reyma-mobiliario.com\/fr\/wp-json\/wp\/v2\/types\/product"}],"wp:featuredmedia":[{"embeddable":true,"href":"https:\/\/reyma-mobiliario.com\/fr\/wp-json\/wp\/v2\/media\/28070"}],"wp:attachment":[{"href":"https:\/\/reyma-mobiliario.com\/fr\/wp-json\/wp\/v2\/media?parent=28097"}],"wp:term":[{"taxonomy":"product_brand","embeddable":true,"href":"https:\/\/reyma-mobiliario.com\/fr\/wp-json\/wp\/v2\/product_brand?post=28097"},{"taxonomy":"product_cat","embeddable":true,"href":"https:\/\/reyma-mobiliario.com\/fr\/wp-json\/wp\/v2\/product_cat?post=28097"},{"taxonomy":"product_tag","embeddable":true,"href":"https:\/\/reyma-mobiliario.com\/fr\/wp-json\/wp\/v2\/product_tag?post=28097"}],"curies":[{"name":"wp","href":"https:\/\/api.w.org\/{rel}","templated":true}]}}