{"id":28109,"date":"2023-12-17T10:00:56","date_gmt":"2023-11-07T11:52:56","guid":{"rendered":"https:\/\/reyma-mobiliario.com\/?post_type=product&#038;p=28109"},"modified":"2025-03-05T17:01:14","modified_gmt":"2025-03-05T16:01:14","slug":"table-danubio-rectangulaire-out","status":"publish","type":"product","link":"https:\/\/reyma-mobiliario.com\/fr\/productos\/table-danubio-rectangulaire-out\/","title":{"rendered":"Table Danubio rectangulaire OUT"},"content":{"rendered":"<p>Table conique en aluminium 5\u00d8. Convient pour une utilisation int\u00e9rieure et ext\u00e9rieure avec des planches rectangulaires.<\/p>\n","protected":false},"excerpt":{"rendered":"<p><strong> Hauteur : <\/strong> 75 cm<\/p>\n<p><strong> Mat\u00e9riaux <\/strong>:<br \/>\nPied en aluminium peint en noir.<br \/>\nConseil: finition simple, finition compacte ou m\u00e9lamine.<\/p>\n<p><strong> Dimensions du plateaux: <\/strong><br \/>\n120&#215;80<\/p>\n","protected":false},"featured_media":28088,"template":"","meta":[],"product_brand":[],"product_cat":[1106,1110],"product_tag":[2022,2019,1166],"class_list":{"0":"post-28109","1":"product","2":"type-product","3":"status-publish","4":"has-post-thumbnail","6":"product_cat-exterieur","7":"product_cat-tables-dexterieur","8":"product_tag-nouvelles-2024","9":"product_tag-serie-danubio-fr","10":"product_tag-tables-fr","12":"first","13":"instock","14":"shipping-taxable","15":"product-type-simple"},"aioseo_notices":[],"_links":{"self":[{"href":"https:\/\/reyma-mobiliario.com\/fr\/wp-json\/wp\/v2\/product\/28109","targetHints":{"allow":["GET"]}}],"collection":[{"href":"https:\/\/reyma-mobiliario.com\/fr\/wp-json\/wp\/v2\/product"}],"about":[{"href":"https:\/\/reyma-mobiliario.com\/fr\/wp-json\/wp\/v2\/types\/product"}],"wp:featuredmedia":[{"embeddable":true,"href":"https:\/\/reyma-mobiliario.com\/fr\/wp-json\/wp\/v2\/media\/28088"}],"wp:attachment":[{"href":"https:\/\/reyma-mobiliario.com\/fr\/wp-json\/wp\/v2\/media?parent=28109"}],"wp:term":[{"taxonomy":"product_brand","embeddable":true,"href":"https:\/\/reyma-mobiliario.com\/fr\/wp-json\/wp\/v2\/product_brand?post=28109"},{"taxonomy":"product_cat","embeddable":true,"href":"https:\/\/reyma-mobiliario.com\/fr\/wp-json\/wp\/v2\/product_cat?post=28109"},{"taxonomy":"product_tag","embeddable":true,"href":"https:\/\/reyma-mobiliario.com\/fr\/wp-json\/wp\/v2\/product_tag?post=28109"}],"curies":[{"name":"wp","href":"https:\/\/api.w.org\/{rel}","templated":true}]}}