{"id":28158,"date":"2024-01-04T10:00:25","date_gmt":"2023-11-08T14:37:26","guid":{"rendered":"https:\/\/reyma-mobiliario.com\/?post_type=product&#038;p=28158"},"modified":"2025-03-13T12:14:36","modified_gmt":"2025-03-13T11:14:36","slug":"chaise-avignon-soho","status":"publish","type":"product","link":"https:\/\/reyma-mobiliario.com\/fr\/productos\/chaise-avignon-soho\/","title":{"rendered":"Chaise Avignon Soho"},"content":{"rendered":"<p>Chaise style boho en aluminium pour usage ext\u00e9rieur ou int\u00e9rieur avec la nouvelle couleur textil\u00e8ne soho.<\/p>\n","protected":false},"excerpt":{"rendered":"<p><strong> Poids: <\/strong> 3,25 kg<\/p>\n<p><strong> Mat\u00e9riaux: <\/strong><br \/>\nStructure en aluminium peint d\u00e9co bambou<br \/>\nAssise et dossier textilene soho<br \/>\nEmpilable<\/p>\n<p><strong>Dimensions<\/strong>:<br \/>\n<img loading=\"lazy\" decoding=\"async\" class=\"alignnone size-full wp-image-11924\" src=\"https:\/\/reyma-mobiliario.com\/wp-content\/uploads\/2025\/03\/2025-avignon-silla.jpgg\" alt=\"Dimensions chaise avignon REYMA\" width=\"120\" height=\"120\" \/><\/p>\n","protected":false},"featured_media":28130,"template":"","meta":[],"product_brand":[],"product_cat":[1111,1106],"product_tag":[2022,2025,1358],"class_list":{"0":"post-28158","1":"product","2":"type-product","3":"status-publish","4":"has-post-thumbnail","6":"product_cat-chaises-dexterieur","7":"product_cat-exterieur","8":"product_tag-nouvelles-2024","9":"product_tag-serie-avignon-fr","10":"product_tag-textilene-fr","12":"first","13":"instock","14":"shipping-taxable","15":"product-type-simple"},"aioseo_notices":[],"_links":{"self":[{"href":"https:\/\/reyma-mobiliario.com\/fr\/wp-json\/wp\/v2\/product\/28158","targetHints":{"allow":["GET"]}}],"collection":[{"href":"https:\/\/reyma-mobiliario.com\/fr\/wp-json\/wp\/v2\/product"}],"about":[{"href":"https:\/\/reyma-mobiliario.com\/fr\/wp-json\/wp\/v2\/types\/product"}],"wp:featuredmedia":[{"embeddable":true,"href":"https:\/\/reyma-mobiliario.com\/fr\/wp-json\/wp\/v2\/media\/28130"}],"wp:attachment":[{"href":"https:\/\/reyma-mobiliario.com\/fr\/wp-json\/wp\/v2\/media?parent=28158"}],"wp:term":[{"taxonomy":"product_brand","embeddable":true,"href":"https:\/\/reyma-mobiliario.com\/fr\/wp-json\/wp\/v2\/product_brand?post=28158"},{"taxonomy":"product_cat","embeddable":true,"href":"https:\/\/reyma-mobiliario.com\/fr\/wp-json\/wp\/v2\/product_cat?post=28158"},{"taxonomy":"product_tag","embeddable":true,"href":"https:\/\/reyma-mobiliario.com\/fr\/wp-json\/wp\/v2\/product_tag?post=28158"}],"curies":[{"name":"wp","href":"https:\/\/api.w.org\/{rel}","templated":true}]}}