{"id":28302,"date":"2023-12-22T10:00:49","date_gmt":"2023-12-22T09:00:49","guid":{"rendered":"https:\/\/reyma-mobiliario.com\/?post_type=product&#038;p=28302"},"modified":"2026-03-13T09:14:16","modified_gmt":"2026-03-13T08:14:16","slug":"tabouret-cafe-plus","status":"publish","type":"product","link":"https:\/\/reyma-mobiliario.com\/fr\/productos\/tabouret-cafe-plus\/","title":{"rendered":"Tabouret Caf\u00e9 Plus"},"content":{"rendered":"<p>Tabouret en acier, sans dossier. Convient pour une utilisation en int\u00e9rieur et avec diff\u00e9rentes possibilit\u00e9s d&rsquo;assise.<\/p>\n","protected":false},"excerpt":{"rendered":"<p><strong>Poids :<\/strong><\/p>\n<p>Avec rev\u00eatement : 7,05 kg<br \/>\nAvec bois massif : 7,15 kg<br \/>\nAvec compact : 7,15 kg<br \/>\n<strong>Mat\u00e9riaux :<\/strong><br \/>\nStructure en acier peint en noir.<br \/>\nAssise \u00d8 en bois massif, <a href=\"https:\/\/reyma-mobiliario.com\/fr\/categorie-produit\/plateaux\/compact-fr\/\">couleurs compact<\/a>, <a href=\"https:\/\/reyma-mobiliario.com\/fr\/categorie-produit\/finitions\/tapisse\/\">rev\u00eatements P.U. et Fabric<\/a>.<\/p>\n<p><strong>Dimensions :<\/strong><br \/>\n<img loading=\"lazy\" decoding=\"async\" class=\"alignnone size-full wp-image-11924\" src=\"https:\/\/reyma-mobiliario.com\/wp-content\/uploads\/2025\/03\/2025-cafe-banqueta.jpg\" alt=\"Dimensions banquette Caf\u00e9 Plus REYMA\" width=\"120\" height=\"120\" \/><\/p>\n","protected":false},"featured_media":31925,"template":"","meta":[],"product_brand":[],"product_cat":[1114,1116,2146],"product_tag":[1169,2022,2034,1147],"class_list":{"0":"post-28302","1":"product","2":"type-product","3":"status-publish","4":"has-post-thumbnail","6":"product_cat-interieur","7":"product_cat-tabouret-dinterieur","8":"product_cat-tabouret-en-metal","9":"product_tag-mobilier-interieur","10":"product_tag-nouvelles-2024","11":"product_tag-serie-cafe-plus-fr","12":"product_tag-tabourets","14":"first","15":"instock","16":"shipping-taxable","17":"purchasable","18":"product-type-variable"},"aioseo_notices":[],"_links":{"self":[{"href":"https:\/\/reyma-mobiliario.com\/fr\/wp-json\/wp\/v2\/product\/28302","targetHints":{"allow":["GET"]}}],"collection":[{"href":"https:\/\/reyma-mobiliario.com\/fr\/wp-json\/wp\/v2\/product"}],"about":[{"href":"https:\/\/reyma-mobiliario.com\/fr\/wp-json\/wp\/v2\/types\/product"}],"wp:featuredmedia":[{"embeddable":true,"href":"https:\/\/reyma-mobiliario.com\/fr\/wp-json\/wp\/v2\/media\/31925"}],"wp:attachment":[{"href":"https:\/\/reyma-mobiliario.com\/fr\/wp-json\/wp\/v2\/media?parent=28302"}],"wp:term":[{"taxonomy":"product_brand","embeddable":true,"href":"https:\/\/reyma-mobiliario.com\/fr\/wp-json\/wp\/v2\/product_brand?post=28302"},{"taxonomy":"product_cat","embeddable":true,"href":"https:\/\/reyma-mobiliario.com\/fr\/wp-json\/wp\/v2\/product_cat?post=28302"},{"taxonomy":"product_tag","embeddable":true,"href":"https:\/\/reyma-mobiliario.com\/fr\/wp-json\/wp\/v2\/product_tag?post=28302"}],"curies":[{"name":"wp","href":"https:\/\/api.w.org\/{rel}","templated":true}]}}