{"id":28497,"date":"2023-12-28T10:00:06","date_gmt":"2023-12-28T09:00:06","guid":{"rendered":"https:\/\/reyma-mobiliario.com\/?post_type=product&#038;p=28497"},"modified":"2026-03-13T09:39:31","modified_gmt":"2026-03-13T08:39:31","slug":"fauteuil-nautico","status":"publish","type":"product","link":"https:\/\/reyma-mobiliario.com\/fr\/productos\/fauteuil-nautico\/","title":{"rendered":"Fauteuil N\u00e1utico"},"content":{"rendered":"<p>Fauteuil avec structure en aluminium adapt\u00e9 \u00e0 une utilisation ext\u00e9rieure et int\u00e9rieure. Empilable<\/p>\n","protected":false},"excerpt":{"rendered":"<p><strong>Poids\u00a0:<\/strong> 4,25 Kg<br \/>\n<strong>Mat\u00e9riaux\u00a0: <\/strong><br \/>\nStructure en aluminium peint en noir ou Deco Ch\u00eane Naturel.<br \/>\nAssise en rope cr\u00e8me<\/p>\n<p><strong>Empilable.<br \/>\n<\/strong><\/p>\n<p><strong>Dimensions<\/strong>\u00a0:<br \/>\n<img loading=\"lazy\" decoding=\"async\" class=\"alignnone size-full wp-image-11924\" src=\"https:\/\/reyma-mobiliario.com\/wp-content\/uploads\/2025\/03\/2025-nautico-sillon.jpg\" alt=\"Dimensions du fauteuil nautique REYMA\" width=\"120\" height=\"120\" \/><\/p>\n","protected":false},"featured_media":30207,"template":"","meta":[],"product_brand":[],"product_cat":[1106,1112],"product_tag":[1168,2079,2022,2038],"class_list":{"0":"post-28497","1":"product","2":"type-product","3":"status-publish","4":"has-post-thumbnail","6":"product_cat-exterieur","7":"product_cat-fauteuils-dexterieur","8":"product_tag-mobilier-dexterieur","9":"product_tag-nouveau-2025","10":"product_tag-nouvelles-2024","11":"product_tag-serie-nautico-fr","13":"first","14":"instock","15":"featured","16":"shipping-taxable","17":"purchasable","18":"product-type-variable"},"aioseo_notices":[],"_links":{"self":[{"href":"https:\/\/reyma-mobiliario.com\/fr\/wp-json\/wp\/v2\/product\/28497","targetHints":{"allow":["GET"]}}],"collection":[{"href":"https:\/\/reyma-mobiliario.com\/fr\/wp-json\/wp\/v2\/product"}],"about":[{"href":"https:\/\/reyma-mobiliario.com\/fr\/wp-json\/wp\/v2\/types\/product"}],"wp:featuredmedia":[{"embeddable":true,"href":"https:\/\/reyma-mobiliario.com\/fr\/wp-json\/wp\/v2\/media\/30207"}],"wp:attachment":[{"href":"https:\/\/reyma-mobiliario.com\/fr\/wp-json\/wp\/v2\/media?parent=28497"}],"wp:term":[{"taxonomy":"product_brand","embeddable":true,"href":"https:\/\/reyma-mobiliario.com\/fr\/wp-json\/wp\/v2\/product_brand?post=28497"},{"taxonomy":"product_cat","embeddable":true,"href":"https:\/\/reyma-mobiliario.com\/fr\/wp-json\/wp\/v2\/product_cat?post=28497"},{"taxonomy":"product_tag","embeddable":true,"href":"https:\/\/reyma-mobiliario.com\/fr\/wp-json\/wp\/v2\/product_tag?post=28497"}],"curies":[{"name":"wp","href":"https:\/\/api.w.org\/{rel}","templated":true}]}}