{"id":28660,"date":"2020-11-20T10:00:15","date_gmt":"2023-11-20T12:36:16","guid":{"rendered":"https:\/\/reyma-mobiliario.com\/?post_type=product&#038;p=28660"},"modified":"2023-11-20T15:30:09","modified_gmt":"2023-11-20T14:30:09","slug":"bancoire","status":"publish","type":"product","link":"https:\/\/reyma-mobiliario.com\/fr\/productos\/bancoire\/","title":{"rendered":"Balan\u00e7oire"},"content":{"rendered":"<p>Balan\u00e7oire avec structure en bois d&rsquo;eucalyptus. Convient pour une utilisation en ext\u00e9rieur ou sur terrasses ferm\u00e9es.<\/p>\n","protected":false},"excerpt":{"rendered":"<p><strong>Mat\u00e9riaux<\/strong>\u00a0:<br \/>\nStructure en bois d&rsquo;eucalyptus et rev\u00eatement en polyester fil\u00e9.<\/p>\n<p><strong>Dimensions<\/strong>\u00a0:<br \/>\n<img decoding=\"async\" class=\"alignnone size-full wp-image-11924\" src=\"https:\/\/reyma-mobiliario.com\/wp-content\/uploads\/2023\/11\/columpio.jpg\" alt=\"Dimensions de la balan\u00e7oire REYMA\" width =\"120\" height=\"120\" \/><\/p>\n","protected":false},"featured_media":28665,"template":"","meta":[],"product_brand":[],"product_cat":[1109,1106],"product_tag":[],"class_list":{"0":"post-28660","1":"product","2":"type-product","3":"status-publish","4":"has-post-thumbnail","6":"product_cat-complements-exterieurs","7":"product_cat-exterieur","9":"first","10":"instock","11":"shipping-taxable","12":"product-type-simple"},"aioseo_notices":[],"_links":{"self":[{"href":"https:\/\/reyma-mobiliario.com\/fr\/wp-json\/wp\/v2\/product\/28660","targetHints":{"allow":["GET"]}}],"collection":[{"href":"https:\/\/reyma-mobiliario.com\/fr\/wp-json\/wp\/v2\/product"}],"about":[{"href":"https:\/\/reyma-mobiliario.com\/fr\/wp-json\/wp\/v2\/types\/product"}],"wp:featuredmedia":[{"embeddable":true,"href":"https:\/\/reyma-mobiliario.com\/fr\/wp-json\/wp\/v2\/media\/28665"}],"wp:attachment":[{"href":"https:\/\/reyma-mobiliario.com\/fr\/wp-json\/wp\/v2\/media?parent=28660"}],"wp:term":[{"taxonomy":"product_brand","embeddable":true,"href":"https:\/\/reyma-mobiliario.com\/fr\/wp-json\/wp\/v2\/product_brand?post=28660"},{"taxonomy":"product_cat","embeddable":true,"href":"https:\/\/reyma-mobiliario.com\/fr\/wp-json\/wp\/v2\/product_cat?post=28660"},{"taxonomy":"product_tag","embeddable":true,"href":"https:\/\/reyma-mobiliario.com\/fr\/wp-json\/wp\/v2\/product_tag?post=28660"}],"curies":[{"name":"wp","href":"https:\/\/api.w.org\/{rel}","templated":true}]}}