{"id":28802,"date":"2021-03-10T10:00:07","date_gmt":"2023-11-27T16:55:08","guid":{"rendered":"https:\/\/reyma-mobiliario.com\/?post_type=product&#038;p=28802"},"modified":"2025-03-12T18:10:46","modified_gmt":"2025-03-12T17:10:46","slug":"fauteuil-faro","status":"publish","type":"product","link":"https:\/\/reyma-mobiliario.com\/fr\/productos\/fauteuil-faro\/","title":{"rendered":"Fauteuil Faro"},"content":{"rendered":"<p>Fauteuil d&rsquo;hospitalit\u00e9 de style colonial en aluminium et disponible pour une utilisation int\u00e9rieure et ext\u00e9rieure.<\/p>\n","protected":false},"excerpt":{"rendered":"<p><strong>Poids\u00a0:<\/strong>4,10 Kg<br \/>\n<strong>Mat\u00e9riaux\u00a0: <\/strong><br \/>\nStructure en aluminium peint noir ou d\u00e9co ch\u00eane naturel.<br \/>\nAssise en rope cr\u00e8me ou rope grise<\/p>\n<p><strong>Empilable.<br \/>\n<\/strong><br \/>\n<strong>Dimensions<\/strong>\u00a0:<br \/>\n<img loading=\"lazy\" decoding=\"async\" class=\"alignnone size-full wp-image-11924\" src=\"https:\/\/reyma-mobiliario.com\/wp-content\/uploads\/2025\/03\/2025-faro-sillon.jpg\" alt=\"Dimensions du fauteuil Faro REYMA\" width=\"120\" height=\"120\" \/><\/p>\n","protected":false},"featured_media":28812,"template":"","meta":[],"product_brand":[],"product_cat":[1111,1106],"product_tag":[1168,2022,2046],"class_list":{"0":"post-28802","1":"product","2":"type-product","3":"status-publish","4":"has-post-thumbnail","6":"product_cat-chaises-dexterieur","7":"product_cat-exterieur","8":"product_tag-mobilier-dexterieur","9":"product_tag-nouvelles-2024","10":"product_tag-serie-faro-fr","12":"first","13":"instock","14":"shipping-taxable","15":"purchasable","16":"product-type-variable"},"aioseo_notices":[],"_links":{"self":[{"href":"https:\/\/reyma-mobiliario.com\/fr\/wp-json\/wp\/v2\/product\/28802","targetHints":{"allow":["GET"]}}],"collection":[{"href":"https:\/\/reyma-mobiliario.com\/fr\/wp-json\/wp\/v2\/product"}],"about":[{"href":"https:\/\/reyma-mobiliario.com\/fr\/wp-json\/wp\/v2\/types\/product"}],"wp:featuredmedia":[{"embeddable":true,"href":"https:\/\/reyma-mobiliario.com\/fr\/wp-json\/wp\/v2\/media\/28812"}],"wp:attachment":[{"href":"https:\/\/reyma-mobiliario.com\/fr\/wp-json\/wp\/v2\/media?parent=28802"}],"wp:term":[{"taxonomy":"product_brand","embeddable":true,"href":"https:\/\/reyma-mobiliario.com\/fr\/wp-json\/wp\/v2\/product_brand?post=28802"},{"taxonomy":"product_cat","embeddable":true,"href":"https:\/\/reyma-mobiliario.com\/fr\/wp-json\/wp\/v2\/product_cat?post=28802"},{"taxonomy":"product_tag","embeddable":true,"href":"https:\/\/reyma-mobiliario.com\/fr\/wp-json\/wp\/v2\/product_tag?post=28802"}],"curies":[{"name":"wp","href":"https:\/\/api.w.org\/{rel}","templated":true}]}}