{"id":28878,"date":"2024-01-25T10:00:07","date_gmt":"2024-01-25T09:00:07","guid":{"rendered":"https:\/\/reyma-mobiliario.com\/?post_type=product&#038;p=28878"},"modified":"2026-03-23T13:17:57","modified_gmt":"2026-03-23T12:17:57","slug":"canape-1-provenza","status":"publish","type":"product","link":"https:\/\/reyma-mobiliario.com\/fr\/productos\/canape-1-provenza\/","title":{"rendered":"Canap\u00e9 1 Provenza"},"content":{"rendered":"<p>Canap\u00e9 d&rsquo;hospitalit\u00e9 de style tropical en aluminium adapt\u00e9 \u00e0 une utilisation int\u00e9rieure et ext\u00e9rieure. Empilable.<\/p>\n","protected":false},"excerpt":{"rendered":"<p><strong>Poids\u00a0:<\/strong> 5,40 Kg<br \/>\n<strong>Mat\u00e9riaux\u00a0: <\/strong><br \/>\nStructure en aluminium peint en noir.<br \/>\nSi\u00e8ge en rope grise<\/p>\n<p>Structure en aluminium peint d\u00e9co ch\u00eane naturel<br \/>\nSi\u00e8ge en rope cr\u00e8me<\/p>\n<p><strong>Empilable. <\/strong><\/p>\n<p><strong>Dimensions<\/strong>\u00a0:<br \/>\n<img loading=\"lazy\" decoding=\"async\" class=\"alignnone size-full wp-image-11924\" src=\"https:\/\/reyma-mobiliario.com\/wp-content\/uploads\/2025\/03\/2025-sofa-provenza-1.jpg\" alt=\"Canap\u00e9 1 Provence REYMA\" width=\"120\" height=\"120\" \/><\/p>\n","protected":false},"featured_media":30136,"template":"","meta":[],"product_brand":[],"product_cat":[1111,1106],"product_tag":[1168,2079,2022,1920],"class_list":{"0":"post-28878","1":"product","2":"type-product","3":"status-publish","4":"has-post-thumbnail","6":"product_cat-chaises-dexterieur","7":"product_cat-exterieur","8":"product_tag-mobilier-dexterieur","9":"product_tag-nouveau-2025","10":"product_tag-nouvelles-2024","11":"product_tag-serie-provenza-fr","13":"first","14":"instock","15":"shipping-taxable","16":"purchasable","17":"product-type-variable"},"aioseo_notices":[],"_links":{"self":[{"href":"https:\/\/reyma-mobiliario.com\/fr\/wp-json\/wp\/v2\/product\/28878","targetHints":{"allow":["GET"]}}],"collection":[{"href":"https:\/\/reyma-mobiliario.com\/fr\/wp-json\/wp\/v2\/product"}],"about":[{"href":"https:\/\/reyma-mobiliario.com\/fr\/wp-json\/wp\/v2\/types\/product"}],"wp:featuredmedia":[{"embeddable":true,"href":"https:\/\/reyma-mobiliario.com\/fr\/wp-json\/wp\/v2\/media\/30136"}],"wp:attachment":[{"href":"https:\/\/reyma-mobiliario.com\/fr\/wp-json\/wp\/v2\/media?parent=28878"}],"wp:term":[{"taxonomy":"product_brand","embeddable":true,"href":"https:\/\/reyma-mobiliario.com\/fr\/wp-json\/wp\/v2\/product_brand?post=28878"},{"taxonomy":"product_cat","embeddable":true,"href":"https:\/\/reyma-mobiliario.com\/fr\/wp-json\/wp\/v2\/product_cat?post=28878"},{"taxonomy":"product_tag","embeddable":true,"href":"https:\/\/reyma-mobiliario.com\/fr\/wp-json\/wp\/v2\/product_tag?post=28878"}],"curies":[{"name":"wp","href":"https:\/\/api.w.org\/{rel}","templated":true}]}}