{"id":28901,"date":"2024-01-26T10:00:27","date_gmt":"2024-01-26T09:00:27","guid":{"rendered":"https:\/\/reyma-mobiliario.com\/?post_type=product&#038;p=28901"},"modified":"2026-03-23T13:17:46","modified_gmt":"2026-03-23T12:17:46","slug":"canape-2-provenza","status":"publish","type":"product","link":"https:\/\/reyma-mobiliario.com\/fr\/productos\/canape-2-provenza\/","title":{"rendered":"Canap\u00e9 2 Provenza"},"content":{"rendered":"<p>Canap\u00e9 deux places d&rsquo;hospitalit\u00e9 de style tropical en aluminium adapt\u00e9 \u00e0 une utilisation int\u00e9rieure et ext\u00e9rieure. Empilable.<\/p>\n","protected":false},"excerpt":{"rendered":"<p><strong>Weight:<\/strong> 9,10 Kg<br \/>\n<strong>Materials: <\/strong><\/p>\n<p>Structure aluminium peint noir<br \/>\nSiege rope gris<\/p>\n<p>Structure aluminium peint ch\u00eane naturel<br \/>\nSiege en rope cr\u00e8me<\/p>\n<p><strong>Stackable. <\/strong><\/p>\n<p><strong>Dimensions<\/strong>:<br \/>\n<img loading=\"lazy\" decoding=\"async\" class=\"alignnone size-full wp-image-11924\" src=\"https:\/\/reyma-mobiliario.com\/wp-content\/uploads\/2025\/03\/2025-sofa-provenza-2.jpg\" alt=\"Sofa 2 dimensions Provence REYMA\" width=\"120\" height=\"120\" \/><\/p>\n","protected":false},"featured_media":30142,"template":"","meta":[],"product_brand":[],"product_cat":[1111,1106],"product_tag":[1168,2079,2022,1920],"class_list":{"0":"post-28901","1":"product","2":"type-product","3":"status-publish","4":"has-post-thumbnail","6":"product_cat-chaises-dexterieur","7":"product_cat-exterieur","8":"product_tag-mobilier-dexterieur","9":"product_tag-nouveau-2025","10":"product_tag-nouvelles-2024","11":"product_tag-serie-provenza-fr","13":"first","14":"instock","15":"featured","16":"shipping-taxable","17":"purchasable","18":"product-type-variable"},"aioseo_notices":[],"_links":{"self":[{"href":"https:\/\/reyma-mobiliario.com\/fr\/wp-json\/wp\/v2\/product\/28901","targetHints":{"allow":["GET"]}}],"collection":[{"href":"https:\/\/reyma-mobiliario.com\/fr\/wp-json\/wp\/v2\/product"}],"about":[{"href":"https:\/\/reyma-mobiliario.com\/fr\/wp-json\/wp\/v2\/types\/product"}],"wp:featuredmedia":[{"embeddable":true,"href":"https:\/\/reyma-mobiliario.com\/fr\/wp-json\/wp\/v2\/media\/30142"}],"wp:attachment":[{"href":"https:\/\/reyma-mobiliario.com\/fr\/wp-json\/wp\/v2\/media?parent=28901"}],"wp:term":[{"taxonomy":"product_brand","embeddable":true,"href":"https:\/\/reyma-mobiliario.com\/fr\/wp-json\/wp\/v2\/product_brand?post=28901"},{"taxonomy":"product_cat","embeddable":true,"href":"https:\/\/reyma-mobiliario.com\/fr\/wp-json\/wp\/v2\/product_cat?post=28901"},{"taxonomy":"product_tag","embeddable":true,"href":"https:\/\/reyma-mobiliario.com\/fr\/wp-json\/wp\/v2\/product_tag?post=28901"}],"curies":[{"name":"wp","href":"https:\/\/api.w.org\/{rel}","templated":true}]}}