{"id":29235,"date":"2026-02-05T10:00:27","date_gmt":"2026-02-05T09:00:27","guid":{"rendered":"https:\/\/reyma-mobiliario.com\/?post_type=product&#038;p=29235"},"modified":"2026-03-31T13:48:58","modified_gmt":"2026-03-31T11:48:58","slug":"fauteuil-seul","status":"publish","type":"product","link":"https:\/\/reyma-mobiliario.com\/fr\/productos\/fauteuil-seul\/","title":{"rendered":"Fauteuil Seul"},"content":{"rendered":"<p>Fauteuil avec une touche orientale, dot\u00e9 d&rsquo;un dossier en roope et d&rsquo;un si\u00e8ge en textil\u00e8ne. Empilable<\/p>\n","protected":false},"excerpt":{"rendered":"<p><strong> Poids: <\/strong>3,60Kg<\/p>\n<p><strong> Mat\u00e9riaux: <\/strong><br \/>\nStructure en aluminium peint noir<br \/>\nAssise textilene noir<br \/>\nDossier en rope creme.<\/p>\n<p>Structure en aluminium peint lin<br \/>\nAssise textilene blanc<br \/>\nDossier en rope creme.<\/p>\n<p><strong>Empilable<\/strong><\/p>\n<p><strong>Dimensions<\/strong>:<br \/>\n<img loading=\"lazy\" decoding=\"async\" class=\"alignnone size-full wp-image-11924\" src=\"https:\/\/reyma-mobiliario.com\/wp-content\/uploads\/2025\/03\/2025-seul-sillon.jpg\" alt=\"Dimensions fauteuil Seul REYMA\" width=\"120\" height=\"120\" \/><\/p>\n","protected":false},"featured_media":35691,"template":"","meta":[],"product_brand":[],"product_cat":[1106,1112,1123,1125],"product_tag":[1361,1168,2416,2022,2048],"class_list":{"0":"post-29235","1":"product","2":"type-product","3":"status-publish","4":"has-post-thumbnail","6":"product_cat-exterieur","7":"product_cat-fauteuils-dexterieur","8":"product_cat-nouveaute","9":"product_cat-nouvelles-exterieur","10":"product_tag-fauteuils-dexterieur","11":"product_tag-mobilier-dexterieur","12":"product_tag-nouevau-2026","13":"product_tag-nouvelles-2024","14":"product_tag-serie-seul-fr","16":"first","17":"instock","18":"shipping-taxable","19":"purchasable","20":"product-type-variable"},"aioseo_notices":[],"_links":{"self":[{"href":"https:\/\/reyma-mobiliario.com\/fr\/wp-json\/wp\/v2\/product\/29235","targetHints":{"allow":["GET"]}}],"collection":[{"href":"https:\/\/reyma-mobiliario.com\/fr\/wp-json\/wp\/v2\/product"}],"about":[{"href":"https:\/\/reyma-mobiliario.com\/fr\/wp-json\/wp\/v2\/types\/product"}],"wp:featuredmedia":[{"embeddable":true,"href":"https:\/\/reyma-mobiliario.com\/fr\/wp-json\/wp\/v2\/media\/35691"}],"wp:attachment":[{"href":"https:\/\/reyma-mobiliario.com\/fr\/wp-json\/wp\/v2\/media?parent=29235"}],"wp:term":[{"taxonomy":"product_brand","embeddable":true,"href":"https:\/\/reyma-mobiliario.com\/fr\/wp-json\/wp\/v2\/product_brand?post=29235"},{"taxonomy":"product_cat","embeddable":true,"href":"https:\/\/reyma-mobiliario.com\/fr\/wp-json\/wp\/v2\/product_cat?post=29235"},{"taxonomy":"product_tag","embeddable":true,"href":"https:\/\/reyma-mobiliario.com\/fr\/wp-json\/wp\/v2\/product_tag?post=29235"}],"curies":[{"name":"wp","href":"https:\/\/api.w.org\/{rel}","templated":true}]}}