{"id":29758,"date":"2024-01-15T10:00:54","date_gmt":"2024-01-15T09:00:54","guid":{"rendered":"https:\/\/reyma-mobiliario.com\/?post_type=product&#038;p=29758"},"modified":"2026-03-23T13:14:53","modified_gmt":"2026-03-23T12:14:53","slug":"fauteuil-queens","status":"publish","type":"product","link":"https:\/\/reyma-mobiliario.com\/fr\/productos\/fauteuil-queens\/","title":{"rendered":"Fauteuil Queens"},"content":{"rendered":"<p>Fauteuil de restauration de style colonial en aluminium adapt\u00e9 \u00e0 une utilisation int\u00e9rieure et ext\u00e9rieure.<\/p>\n","protected":false},"excerpt":{"rendered":"<p><strong>Poids\u00a0: <\/strong> 3,95 kg<\/p>\n<p><strong>Mat\u00e9riaux\u00a0: <\/strong><br \/>\nCadre en aluminium peint en ch\u00eane naturel d\u00e9co.<br \/>\nSi\u00e8ge en corde cr\u00e8me ou gris.<\/p>\n<p><strong>Empilable.<br \/>\n<\/strong><\/p>\n<p><strong>Dimensions<\/strong>\u00a0:<br \/>\n<img loading=\"lazy\" decoding=\"async\" class=\"alignnone size-full wp-image-11924\" src=\"https:\/\/reyma-mobiliario.com\/wp-content\/uploads\/2025\/03\/2025-queens-sillon.jpg\" alt=\"Dimensions Fauteuil Queens REYMA\" width=\"120\" height=\"120\" \/><\/p>\n","protected":false},"featured_media":29772,"template":"","meta":[],"product_brand":[],"product_cat":[1111,1106],"product_tag":[1168,2079,2064],"class_list":{"0":"post-29758","1":"product","2":"type-product","3":"status-publish","4":"has-post-thumbnail","6":"product_cat-chaises-dexterieur","7":"product_cat-exterieur","8":"product_tag-mobilier-dexterieur","9":"product_tag-nouveau-2025","10":"product_tag-serie-queens-fr","12":"first","13":"instock","14":"featured","15":"shipping-taxable","16":"purchasable","17":"product-type-variable"},"aioseo_notices":[],"_links":{"self":[{"href":"https:\/\/reyma-mobiliario.com\/fr\/wp-json\/wp\/v2\/product\/29758","targetHints":{"allow":["GET"]}}],"collection":[{"href":"https:\/\/reyma-mobiliario.com\/fr\/wp-json\/wp\/v2\/product"}],"about":[{"href":"https:\/\/reyma-mobiliario.com\/fr\/wp-json\/wp\/v2\/types\/product"}],"wp:featuredmedia":[{"embeddable":true,"href":"https:\/\/reyma-mobiliario.com\/fr\/wp-json\/wp\/v2\/media\/29772"}],"wp:attachment":[{"href":"https:\/\/reyma-mobiliario.com\/fr\/wp-json\/wp\/v2\/media?parent=29758"}],"wp:term":[{"taxonomy":"product_brand","embeddable":true,"href":"https:\/\/reyma-mobiliario.com\/fr\/wp-json\/wp\/v2\/product_brand?post=29758"},{"taxonomy":"product_cat","embeddable":true,"href":"https:\/\/reyma-mobiliario.com\/fr\/wp-json\/wp\/v2\/product_cat?post=29758"},{"taxonomy":"product_tag","embeddable":true,"href":"https:\/\/reyma-mobiliario.com\/fr\/wp-json\/wp\/v2\/product_tag?post=29758"}],"curies":[{"name":"wp","href":"https:\/\/api.w.org\/{rel}","templated":true}]}}