{"id":29805,"date":"2024-05-08T10:28:48","date_gmt":"2024-05-08T08:28:50","guid":{"rendered":"https:\/\/reyma-mobiliario.com\/?post_type=product&#038;p=29805"},"modified":"2024-05-08T10:42:25","modified_gmt":"2024-05-08T08:42:25","slug":"base-pliante-finalandia","status":"publish","type":"product","link":"https:\/\/reyma-mobiliario.com\/fr\/productos\/base-pliante-finalandia\/","title":{"rendered":"Base Pliante Finlandia"},"content":{"rendered":"<p>Pied pour <strong>table pliante<\/strong> avec syst\u00e8me de pliage et verrouillage de s\u00e9curit\u00e9, en aluminium.<\/p>\n","protected":false},"excerpt":{"rendered":"<p><strong>Mat\u00e9riel\u00a0:<\/strong> Aluminium<\/p>\n<p><strong>Couleurs disponibles\u00a0:<\/strong> Noir ou Graphite.<\/p>\n<p><strong>Hauteurs des colonnes\u00a0:<\/strong><br \/>\nDisponible en 72 cm la table r\u00e9sultante aura une hauteur de 75cm<\/p>\n<p><strong>Poids\u00a0:<\/strong><br \/>\n3,40 Kg<\/p>\n<p>&nbsp;<\/p>\n<div><\/div>\n","protected":false},"featured_media":29815,"template":"","meta":[],"product_brand":[],"product_cat":[1647],"product_tag":[1650,1239,1779],"class_list":{"0":"post-29805","1":"product","2":"type-product","3":"status-publish","4":"has-post-thumbnail","6":"product_cat-pieds-de-table","7":"product_tag-base-table","8":"product_tag-serie-finlandia-fr","9":"product_tag-systeme-de-pliage","11":"first","12":"instock","13":"shipping-taxable","14":"purchasable","15":"product-type-variable"},"aioseo_notices":[],"_links":{"self":[{"href":"https:\/\/reyma-mobiliario.com\/fr\/wp-json\/wp\/v2\/product\/29805","targetHints":{"allow":["GET"]}}],"collection":[{"href":"https:\/\/reyma-mobiliario.com\/fr\/wp-json\/wp\/v2\/product"}],"about":[{"href":"https:\/\/reyma-mobiliario.com\/fr\/wp-json\/wp\/v2\/types\/product"}],"wp:featuredmedia":[{"embeddable":true,"href":"https:\/\/reyma-mobiliario.com\/fr\/wp-json\/wp\/v2\/media\/29815"}],"wp:attachment":[{"href":"https:\/\/reyma-mobiliario.com\/fr\/wp-json\/wp\/v2\/media?parent=29805"}],"wp:term":[{"taxonomy":"product_brand","embeddable":true,"href":"https:\/\/reyma-mobiliario.com\/fr\/wp-json\/wp\/v2\/product_brand?post=29805"},{"taxonomy":"product_cat","embeddable":true,"href":"https:\/\/reyma-mobiliario.com\/fr\/wp-json\/wp\/v2\/product_cat?post=29805"},{"taxonomy":"product_tag","embeddable":true,"href":"https:\/\/reyma-mobiliario.com\/fr\/wp-json\/wp\/v2\/product_tag?post=29805"}],"curies":[{"name":"wp","href":"https:\/\/api.w.org\/{rel}","templated":true}]}}