{"id":29891,"date":"2024-01-23T10:00:50","date_gmt":"2024-01-23T09:00:50","guid":{"rendered":"https:\/\/reyma-mobiliario.com\/?post_type=product&#038;p=29891"},"modified":"2026-03-23T13:17:50","modified_gmt":"2026-03-23T12:17:50","slug":"fauteuil-manhattan-textilene","status":"publish","type":"product","link":"https:\/\/reyma-mobiliario.com\/fr\/productos\/fauteuil-manhattan-textilene\/","title":{"rendered":"Fauteuil Manhattan Textilene"},"content":{"rendered":"<p>Fauteuil empilable et \u00e9l\u00e9gant style boho pour usage ext\u00e9rieur ou int\u00e9rieur avec la nouvelle couleur textil\u00e8ne.<\/p>\n","protected":false},"excerpt":{"rendered":"<p><strong> Poids: <\/strong> 3,00 kg<\/p>\n<p><strong> Mat\u00e9riaux: <\/strong><br \/>\nStructure en aluminium peint ch\u00eane naturel<br \/>\nAssise et dossier textilene soho,\u00a0 vesubio ou mekong<br \/>\nEmpilable<\/p>\n<p><strong>Dimensions<\/strong>:<br \/>\n<img loading=\"lazy\" decoding=\"async\" class=\"alignnone size-full wp-image-11924\" src=\"https:\/\/reyma-mobiliario.com\/wp-content\/uploads\/2025\/03\/2025-manhattan-sillon.jpg\" alt=\"Dimensions fauteuil Manhattan REYMA\" width=\"120\" height=\"120\" \/><\/p>\n","protected":false},"featured_media":34794,"template":"","meta":[],"product_brand":[],"product_cat":[1106,1112],"product_tag":[2079,2022,2028,1358],"class_list":{"0":"post-29891","1":"product","2":"type-product","3":"status-publish","4":"has-post-thumbnail","6":"product_cat-exterieur","7":"product_cat-fauteuils-dexterieur","8":"product_tag-nouveau-2025","9":"product_tag-nouvelles-2024","10":"product_tag-serie-manhattan-fr","11":"product_tag-textilene-fr","13":"first","14":"instock","15":"shipping-taxable","16":"purchasable","17":"product-type-variable"},"aioseo_notices":[],"_links":{"self":[{"href":"https:\/\/reyma-mobiliario.com\/fr\/wp-json\/wp\/v2\/product\/29891","targetHints":{"allow":["GET"]}}],"collection":[{"href":"https:\/\/reyma-mobiliario.com\/fr\/wp-json\/wp\/v2\/product"}],"about":[{"href":"https:\/\/reyma-mobiliario.com\/fr\/wp-json\/wp\/v2\/types\/product"}],"wp:featuredmedia":[{"embeddable":true,"href":"https:\/\/reyma-mobiliario.com\/fr\/wp-json\/wp\/v2\/media\/34794"}],"wp:attachment":[{"href":"https:\/\/reyma-mobiliario.com\/fr\/wp-json\/wp\/v2\/media?parent=29891"}],"wp:term":[{"taxonomy":"product_brand","embeddable":true,"href":"https:\/\/reyma-mobiliario.com\/fr\/wp-json\/wp\/v2\/product_brand?post=29891"},{"taxonomy":"product_cat","embeddable":true,"href":"https:\/\/reyma-mobiliario.com\/fr\/wp-json\/wp\/v2\/product_cat?post=29891"},{"taxonomy":"product_tag","embeddable":true,"href":"https:\/\/reyma-mobiliario.com\/fr\/wp-json\/wp\/v2\/product_tag?post=29891"}],"curies":[{"name":"wp","href":"https:\/\/api.w.org\/{rel}","templated":true}]}}