{"id":30756,"date":"2025-01-25T10:00:06","date_gmt":"2025-03-13T16:30:07","guid":{"rendered":"https:\/\/reyma-mobiliario.com\/?post_type=product&#038;p=30756"},"modified":"2025-03-13T17:37:27","modified_gmt":"2025-03-13T16:37:27","slug":"fauteuil-nassau","status":"publish","type":"product","link":"https:\/\/reyma-mobiliario.com\/fr\/productos\/fauteuil-nassau\/","title":{"rendered":"Fauteuil Nassau"},"content":{"rendered":"<p>Fauteuil de style oriental en aluminium adapt\u00e9 \u00e0 une utilisation ext\u00e9rieure et int\u00e9rieure. Sa conception le rend empilable.<\/p>\n","protected":false},"excerpt":{"rendered":"<p><strong>Poids<\/strong>\u00a0: 3,35\u00a0kg<\/p>\n<p><strong>Mat\u00e9riaux<\/strong>\u00a0:<br \/>\nCadre en aluminium peint d\u00e9co Ch\u00eane Naturel.<br \/>\nSi\u00e8ge en textilene latte, tribeca vert et creme ou tribeca marron et blanc.<\/p>\n<p><strong>Dimensions<\/strong>\u00a0:<br \/>\n<img decoding=\"async\" class=\"alignnone size-full wp-image-11924\" src=\"https:\/\/reyma-mobiliario.com\/wp-content\/uploads\/2025\/03\/2025-nassau-sillon.jpg\" alt=\"Dimensions du fauteuil Nassau REYMA\" \/><\/p>\n","protected":false},"featured_media":30719,"template":"","meta":[],"product_brand":[],"product_cat":[1106,1112,1123,1125],"product_tag":[1168,2079,2189],"class_list":{"0":"post-30756","1":"product","2":"type-product","3":"status-publish","4":"has-post-thumbnail","6":"product_cat-exterieur","7":"product_cat-fauteuils-dexterieur","8":"product_cat-nouveaute","9":"product_cat-nouvelles-exterieur","10":"product_tag-mobilier-dexterieur","11":"product_tag-nouveau-2025","12":"product_tag-serie-nassau-fr","14":"first","15":"instock","16":"shipping-taxable","17":"purchasable","18":"product-type-variable"},"aioseo_notices":[],"_links":{"self":[{"href":"https:\/\/reyma-mobiliario.com\/fr\/wp-json\/wp\/v2\/product\/30756","targetHints":{"allow":["GET"]}}],"collection":[{"href":"https:\/\/reyma-mobiliario.com\/fr\/wp-json\/wp\/v2\/product"}],"about":[{"href":"https:\/\/reyma-mobiliario.com\/fr\/wp-json\/wp\/v2\/types\/product"}],"wp:featuredmedia":[{"embeddable":true,"href":"https:\/\/reyma-mobiliario.com\/fr\/wp-json\/wp\/v2\/media\/30719"}],"wp:attachment":[{"href":"https:\/\/reyma-mobiliario.com\/fr\/wp-json\/wp\/v2\/media?parent=30756"}],"wp:term":[{"taxonomy":"product_brand","embeddable":true,"href":"https:\/\/reyma-mobiliario.com\/fr\/wp-json\/wp\/v2\/product_brand?post=30756"},{"taxonomy":"product_cat","embeddable":true,"href":"https:\/\/reyma-mobiliario.com\/fr\/wp-json\/wp\/v2\/product_cat?post=30756"},{"taxonomy":"product_tag","embeddable":true,"href":"https:\/\/reyma-mobiliario.com\/fr\/wp-json\/wp\/v2\/product_tag?post=30756"}],"curies":[{"name":"wp","href":"https:\/\/api.w.org\/{rel}","templated":true}]}}