{"id":30780,"date":"2026-02-18T10:00:43","date_gmt":"2026-02-18T09:00:43","guid":{"rendered":"https:\/\/reyma-mobiliario.com\/?post_type=product&#038;p=30780"},"modified":"2026-03-31T13:30:42","modified_gmt":"2026-03-31T11:30:42","slug":"fauteuil-roseton","status":"publish","type":"product","link":"https:\/\/reyma-mobiliario.com\/fr\/productos\/fauteuil-roseton\/","title":{"rendered":"Fauteuil Roset\u00f3n"},"content":{"rendered":"<p>Fauteuil \u00e0 structure robuste, l\u00e9ger et empilable.<\/p>\n","protected":false},"excerpt":{"rendered":"<p><strong> Poids: <\/strong>4,30Kg<\/p>\n<p><strong> Mat\u00e9riaux: <\/strong><br \/>\nStructure en aluminium peint deco Ch\u00eane Naturel<br \/>\nAssise osier noir<br \/>\nDossier en osier noir et creme.<\/p>\n<p>Structure en aluminium peint deco Ch\u00eane Naturel<br \/>\nAssise Ocre<br \/>\nDossier en osier tress\u00e9e Ocre et Atlas.<\/p>\n<p><strong>Empilable<\/strong><\/p>\n<p><strong>Dimensions<\/strong>:<br \/>\n<img loading=\"lazy\" decoding=\"async\" class=\"alignnone size-full wp-image-11924\" src=\"https:\/\/reyma-mobiliario.com\/wp-content\/uploads\/2025\/01\/2025-roseton-sillon.jpg\" alt=\"Dimensions fauteuil Roseton REYMA\" width=\"120\" height=\"120\" \/><\/p>\n","protected":false},"featured_media":35573,"template":"","meta":[],"product_brand":[],"product_cat":[1106,1112,1123,1125],"product_tag":[1361,1168,2416,2079,2192],"class_list":{"0":"post-30780","1":"product","2":"type-product","3":"status-publish","4":"has-post-thumbnail","6":"product_cat-exterieur","7":"product_cat-fauteuils-dexterieur","8":"product_cat-nouveaute","9":"product_cat-nouvelles-exterieur","10":"product_tag-fauteuils-dexterieur","11":"product_tag-mobilier-dexterieur","12":"product_tag-nouevau-2026","13":"product_tag-nouveau-2025","14":"product_tag-serie-roseton-fr","16":"first","17":"instock","18":"shipping-taxable","19":"purchasable","20":"product-type-variable"},"aioseo_notices":[],"_links":{"self":[{"href":"https:\/\/reyma-mobiliario.com\/fr\/wp-json\/wp\/v2\/product\/30780","targetHints":{"allow":["GET"]}}],"collection":[{"href":"https:\/\/reyma-mobiliario.com\/fr\/wp-json\/wp\/v2\/product"}],"about":[{"href":"https:\/\/reyma-mobiliario.com\/fr\/wp-json\/wp\/v2\/types\/product"}],"wp:featuredmedia":[{"embeddable":true,"href":"https:\/\/reyma-mobiliario.com\/fr\/wp-json\/wp\/v2\/media\/35573"}],"wp:attachment":[{"href":"https:\/\/reyma-mobiliario.com\/fr\/wp-json\/wp\/v2\/media?parent=30780"}],"wp:term":[{"taxonomy":"product_brand","embeddable":true,"href":"https:\/\/reyma-mobiliario.com\/fr\/wp-json\/wp\/v2\/product_brand?post=30780"},{"taxonomy":"product_cat","embeddable":true,"href":"https:\/\/reyma-mobiliario.com\/fr\/wp-json\/wp\/v2\/product_cat?post=30780"},{"taxonomy":"product_tag","embeddable":true,"href":"https:\/\/reyma-mobiliario.com\/fr\/wp-json\/wp\/v2\/product_tag?post=30780"}],"curies":[{"name":"wp","href":"https:\/\/api.w.org\/{rel}","templated":true}]}}