{"id":31039,"date":"2026-02-15T10:00:15","date_gmt":"2026-02-15T09:00:15","guid":{"rendered":"https:\/\/reyma-mobiliario.com\/?post_type=product&#038;p=31039"},"modified":"2026-03-25T14:04:50","modified_gmt":"2026-03-25T13:04:50","slug":"chaise-louvre","status":"publish","type":"product","link":"https:\/\/reyma-mobiliario.com\/fr\/productos\/chaise-louvre\/","title":{"rendered":"Chaise Louvre"},"content":{"rendered":"<p>Chaise pour l&rsquo;h\u00f4tellerie, sp\u00e9cialement con\u00e7ue pour un usage ext\u00e9rieur ou int\u00e9rieur, avec une nouvelle fa\u00e7on de tisser la moelle, combinant 4 couleurs.<\/p>\n","protected":false},"excerpt":{"rendered":"<p><strong>Poids<\/strong>: 3,90 Kg<\/p>\n<p><strong>Mat\u00e9riaux<\/strong>:<br \/>\nStructure en aluminium peint d\u00e9co ch\u00eane naturel<br \/>\nAssise en osier de 4 couleurs : Vert-Blanc-Gris-Cr\u00e8me, Bordeaux-Blanc-Gris-Cr\u00e8me ou Noir-Blanc-Gris-Cr\u00e8me<br \/>\nAssise en osier de 2 couleurs: Ocre et Atlas<\/p>\n<p><strong>Empilable<\/strong><\/p>\n<p><strong>Dimensions<\/strong>:<br \/>\n<img loading=\"lazy\" decoding=\"async\" class=\"alignnone size-full wp-image-11924\" src=\"https:\/\/reyma-mobiliario.com\/wp-content\/uploads\/2025\/03\/2025-louvre-silla.jpg\" alt=\"Dimensiones Silla Louvre REYMA\" width=\"120\" height=\"120\" \/><\/p>\n","protected":false},"featured_media":35639,"template":"","meta":[],"product_brand":[],"product_cat":[1111,1106,1123,1125],"product_tag":[1347,1348,2079,2231],"class_list":{"0":"post-31039","1":"product","2":"type-product","3":"status-publish","4":"has-post-thumbnail","6":"product_cat-chaises-dexterieur","7":"product_cat-exterieur","8":"product_cat-nouveaute","9":"product_cat-nouvelles-exterieur","10":"product_tag-chaises","11":"product_tag-chaises-dexterieur","12":"product_tag-nouveau-2025","13":"product_tag-serie-louvre-fr","15":"first","16":"instock","17":"shipping-taxable","18":"purchasable","19":"product-type-variable"},"aioseo_notices":[],"_links":{"self":[{"href":"https:\/\/reyma-mobiliario.com\/fr\/wp-json\/wp\/v2\/product\/31039","targetHints":{"allow":["GET"]}}],"collection":[{"href":"https:\/\/reyma-mobiliario.com\/fr\/wp-json\/wp\/v2\/product"}],"about":[{"href":"https:\/\/reyma-mobiliario.com\/fr\/wp-json\/wp\/v2\/types\/product"}],"wp:featuredmedia":[{"embeddable":true,"href":"https:\/\/reyma-mobiliario.com\/fr\/wp-json\/wp\/v2\/media\/35639"}],"wp:attachment":[{"href":"https:\/\/reyma-mobiliario.com\/fr\/wp-json\/wp\/v2\/media?parent=31039"}],"wp:term":[{"taxonomy":"product_brand","embeddable":true,"href":"https:\/\/reyma-mobiliario.com\/fr\/wp-json\/wp\/v2\/product_brand?post=31039"},{"taxonomy":"product_cat","embeddable":true,"href":"https:\/\/reyma-mobiliario.com\/fr\/wp-json\/wp\/v2\/product_cat?post=31039"},{"taxonomy":"product_tag","embeddable":true,"href":"https:\/\/reyma-mobiliario.com\/fr\/wp-json\/wp\/v2\/product_tag?post=31039"}],"curies":[{"name":"wp","href":"https:\/\/api.w.org\/{rel}","templated":true}]}}