{"id":31123,"date":"2025-01-14T10:00:44","date_gmt":"2025-03-17T10:06:45","guid":{"rendered":"https:\/\/reyma-mobiliario.com\/?post_type=product&#038;p=31123"},"modified":"2025-03-17T13:02:17","modified_gmt":"2025-03-17T12:02:17","slug":"chaise-innsbruck","status":"publish","type":"product","link":"https:\/\/reyma-mobiliario.com\/fr\/productos\/chaise-innsbruck\/","title":{"rendered":"Chaise Innsbruck"},"content":{"rendered":"<p>Chaise pour l&rsquo;h\u00f4tellerie avec dossier en m\u00e9dula tiss\u00e9e \u00e0 la main.<\/p>\n","protected":false},"excerpt":{"rendered":"<p><strong>Poids<\/strong>: 3,10 Kg<\/p>\n<p><strong>Mat\u00e9riaux<\/strong>:<br \/>\nStructure en aluminium peint d\u00e9co ch\u00eane naturel ou d\u00e9co noyer clair<br \/>\nDossier et assise en osier Atlas tiss\u00e9e \u00e0 la main.<\/p>\n<p><strong>Dimensions<\/strong>:<br \/>\n<img loading=\"lazy\" decoding=\"async\" class=\"alignnone size-full wp-image-11924\" src=\"https:\/\/reyma-mobiliario.com\/wp-content\/uploads\/2025\/03\/2025-innsbruck-silla.jpg\" alt=\"Dimensiones Chaise Innsbruck REYMA\" width=\"120\" height=\"120\" \/><\/p>\n","protected":false},"featured_media":31141,"template":"","meta":[],"product_brand":[],"product_cat":[1111,1106,1123,1125],"product_tag":[1347,1348,2079,2240],"class_list":{"0":"post-31123","1":"product","2":"type-product","3":"status-publish","4":"has-post-thumbnail","6":"product_cat-chaises-dexterieur","7":"product_cat-exterieur","8":"product_cat-nouveaute","9":"product_cat-nouvelles-exterieur","10":"product_tag-chaises","11":"product_tag-chaises-dexterieur","12":"product_tag-nouveau-2025","13":"product_tag-serie-innsbruck-fr","15":"first","16":"instock","17":"shipping-taxable","18":"purchasable","19":"product-type-variable"},"aioseo_notices":[],"_links":{"self":[{"href":"https:\/\/reyma-mobiliario.com\/fr\/wp-json\/wp\/v2\/product\/31123","targetHints":{"allow":["GET"]}}],"collection":[{"href":"https:\/\/reyma-mobiliario.com\/fr\/wp-json\/wp\/v2\/product"}],"about":[{"href":"https:\/\/reyma-mobiliario.com\/fr\/wp-json\/wp\/v2\/types\/product"}],"wp:featuredmedia":[{"embeddable":true,"href":"https:\/\/reyma-mobiliario.com\/fr\/wp-json\/wp\/v2\/media\/31141"}],"wp:attachment":[{"href":"https:\/\/reyma-mobiliario.com\/fr\/wp-json\/wp\/v2\/media?parent=31123"}],"wp:term":[{"taxonomy":"product_brand","embeddable":true,"href":"https:\/\/reyma-mobiliario.com\/fr\/wp-json\/wp\/v2\/product_brand?post=31123"},{"taxonomy":"product_cat","embeddable":true,"href":"https:\/\/reyma-mobiliario.com\/fr\/wp-json\/wp\/v2\/product_cat?post=31123"},{"taxonomy":"product_tag","embeddable":true,"href":"https:\/\/reyma-mobiliario.com\/fr\/wp-json\/wp\/v2\/product_tag?post=31123"}],"curies":[{"name":"wp","href":"https:\/\/api.w.org\/{rel}","templated":true}]}}