{"id":31156,"date":"2024-01-13T10:00:08","date_gmt":"2024-01-13T09:00:08","guid":{"rendered":"https:\/\/reyma-mobiliario.com\/?post_type=product&#038;p=31156"},"modified":"2026-03-13T09:53:04","modified_gmt":"2026-03-13T08:53:04","slug":"fauteuil-hanoi","status":"publish","type":"product","link":"https:\/\/reyma-mobiliario.com\/fr\/productos\/fauteuil-hanoi\/","title":{"rendered":"Fauteuil Hanoi"},"content":{"rendered":"<p>Fauteuil au style oriental simple avec assise en corde tiss\u00e9e.<\/p>\n","protected":false},"excerpt":{"rendered":"<p><strong>Poids<\/strong>: 3,60 Kg<\/p>\n<p><strong>Mat\u00e9riaux<\/strong>:<br \/>\nStructure en aluminium peint en d\u00e9co ch\u00eane naturel ou d\u00e9co noyer clair<br \/>\nAssise en Rope Cr\u00e8me ou Rope Marron<\/p>\n<p><strong>Dimensions<\/strong>:<br \/>\n<img loading=\"lazy\" decoding=\"async\" class=\"alignnone size-full wp-image-11924\" src=\"https:\/\/reyma-mobiliario.com\/wp-content\/uploads\/2025\/03\/2025-hanoi-sillon.jpg\" alt=\"Dimensions Fauteuil Hanoi REYMA\" width=\"120\" height=\"120\" \/><\/p>\n","protected":false},"featured_media":31173,"template":"","meta":[],"product_brand":[],"product_cat":[1106,1112],"product_tag":[1347,1348,2079,2237],"class_list":{"0":"post-31156","1":"product","2":"type-product","3":"status-publish","4":"has-post-thumbnail","6":"product_cat-exterieur","7":"product_cat-fauteuils-dexterieur","8":"product_tag-chaises","9":"product_tag-chaises-dexterieur","10":"product_tag-nouveau-2025","11":"product_tag-serie-hanoi-fr","13":"first","14":"instock","15":"shipping-taxable","16":"purchasable","17":"product-type-variable"},"aioseo_notices":[],"_links":{"self":[{"href":"https:\/\/reyma-mobiliario.com\/fr\/wp-json\/wp\/v2\/product\/31156","targetHints":{"allow":["GET"]}}],"collection":[{"href":"https:\/\/reyma-mobiliario.com\/fr\/wp-json\/wp\/v2\/product"}],"about":[{"href":"https:\/\/reyma-mobiliario.com\/fr\/wp-json\/wp\/v2\/types\/product"}],"wp:featuredmedia":[{"embeddable":true,"href":"https:\/\/reyma-mobiliario.com\/fr\/wp-json\/wp\/v2\/media\/31173"}],"wp:attachment":[{"href":"https:\/\/reyma-mobiliario.com\/fr\/wp-json\/wp\/v2\/media?parent=31156"}],"wp:term":[{"taxonomy":"product_brand","embeddable":true,"href":"https:\/\/reyma-mobiliario.com\/fr\/wp-json\/wp\/v2\/product_brand?post=31156"},{"taxonomy":"product_cat","embeddable":true,"href":"https:\/\/reyma-mobiliario.com\/fr\/wp-json\/wp\/v2\/product_cat?post=31156"},{"taxonomy":"product_tag","embeddable":true,"href":"https:\/\/reyma-mobiliario.com\/fr\/wp-json\/wp\/v2\/product_tag?post=31156"}],"curies":[{"name":"wp","href":"https:\/\/api.w.org\/{rel}","templated":true}]}}