{"id":31190,"date":"2025-01-26T10:00:57","date_gmt":"2025-01-26T09:00:57","guid":{"rendered":"https:\/\/reyma-mobiliario.com\/?post_type=product&#038;p=31190"},"modified":"2025-03-17T13:20:24","modified_gmt":"2025-03-17T12:20:24","slug":"chaise-alba","status":"publish","type":"product","link":"https:\/\/reyma-mobiliario.com\/fr\/productos\/chaise-alba\/","title":{"rendered":"Chaise Alba"},"content":{"rendered":"<p>Chaise au design \u00e9pur\u00e9 avec une assise tress\u00e9e en rope.<\/p>\n","protected":false},"excerpt":{"rendered":"<p><strong>Poids<\/strong> : 3,85 Kg<\/p>\n<p><strong>Mat\u00e9riaux<\/strong> :<br \/>\nStructure en aluminium peint d\u00e9co ch\u00eane naturel ou d\u00e9co noyer clair<br \/>\nAssise en Rope Cr\u00e8me ou Rope Marron<\/p>\n<p><strong>Dimensions<\/strong> :<br \/>\n<img loading=\"lazy\" decoding=\"async\" class=\"alignnone size-full wp-image-11924\" src=\"https:\/\/reyma-mobiliario.com\/wp-content\/uploads\/2025\/03\/2025-alba-silla.jpg\" alt=\"Dimensions Chaise Alba REYMA\" width=\"120\" height=\"120\" \/><\/p>\n","protected":false},"featured_media":31195,"template":"","meta":[],"product_brand":[],"product_cat":[1111,1106,1123,1125],"product_tag":[1347,1348,2079,2244],"class_list":{"0":"post-31190","1":"product","2":"type-product","3":"status-publish","4":"has-post-thumbnail","6":"product_cat-chaises-dexterieur","7":"product_cat-exterieur","8":"product_cat-nouveaute","9":"product_cat-nouvelles-exterieur","10":"product_tag-chaises","11":"product_tag-chaises-dexterieur","12":"product_tag-nouveau-2025","13":"product_tag-serie-alba-fr","15":"first","16":"instock","17":"featured","18":"shipping-taxable","19":"purchasable","20":"product-type-variable"},"aioseo_notices":[],"_links":{"self":[{"href":"https:\/\/reyma-mobiliario.com\/fr\/wp-json\/wp\/v2\/product\/31190","targetHints":{"allow":["GET"]}}],"collection":[{"href":"https:\/\/reyma-mobiliario.com\/fr\/wp-json\/wp\/v2\/product"}],"about":[{"href":"https:\/\/reyma-mobiliario.com\/fr\/wp-json\/wp\/v2\/types\/product"}],"wp:featuredmedia":[{"embeddable":true,"href":"https:\/\/reyma-mobiliario.com\/fr\/wp-json\/wp\/v2\/media\/31195"}],"wp:attachment":[{"href":"https:\/\/reyma-mobiliario.com\/fr\/wp-json\/wp\/v2\/media?parent=31190"}],"wp:term":[{"taxonomy":"product_brand","embeddable":true,"href":"https:\/\/reyma-mobiliario.com\/fr\/wp-json\/wp\/v2\/product_brand?post=31190"},{"taxonomy":"product_cat","embeddable":true,"href":"https:\/\/reyma-mobiliario.com\/fr\/wp-json\/wp\/v2\/product_cat?post=31190"},{"taxonomy":"product_tag","embeddable":true,"href":"https:\/\/reyma-mobiliario.com\/fr\/wp-json\/wp\/v2\/product_tag?post=31190"}],"curies":[{"name":"wp","href":"https:\/\/api.w.org\/{rel}","templated":true}]}}