{"id":31219,"date":"2024-01-28T10:00:34","date_gmt":"2024-01-28T09:00:34","guid":{"rendered":"https:\/\/reyma-mobiliario.com\/?post_type=product&#038;p=31219"},"modified":"2026-03-23T13:19:20","modified_gmt":"2026-03-23T12:19:20","slug":"chaise-new-verdi-out","status":"publish","type":"product","link":"https:\/\/reyma-mobiliario.com\/fr\/productos\/chaise-new-verdi-out\/","title":{"rendered":"Chaise New Verdi OUT"},"content":{"rendered":"<p>Nouvelle version avec tissu en m\u00e9dula tiss\u00e9 \u00e0 la main.<\/p>\n","protected":false},"excerpt":{"rendered":"<p><strong>Poids<\/strong>: 4,00 Kg<\/p>\n<p><strong>Mat\u00e9riaux<\/strong>:<br \/>\nCadre en aluminium peint avec d\u00e9coration ch\u00eane naturel et Grillage osier Atlas<br \/>\nCadre en aluminium peint avec d\u00e9coration noyer clair et Grillage osier Atlas<br \/>\nCadre en aluminium peint en noir et Grillage osier cr\u00e8me<\/p>\n<p><strong>Dimensions<\/strong>:<br \/>\n<img loading=\"lazy\" decoding=\"async\" class=\"alignnone size-full wp-image-11924\" src=\"https:\/\/reyma-mobiliario.com\/wp-content\/uploads\/2025\/03\/2025-new-verdi-silla.jpg\" alt=\"Dimensions Chaise New Verdi REYMA\" width=\"120\" height=\"120\" \/><\/p>\n","protected":false},"featured_media":31258,"template":"","meta":[],"product_brand":[],"product_cat":[1111,1106],"product_tag":[1347,1348,2079,2246],"class_list":{"0":"post-31219","1":"product","2":"type-product","3":"status-publish","4":"has-post-thumbnail","6":"product_cat-chaises-dexterieur","7":"product_cat-exterieur","8":"product_tag-chaises","9":"product_tag-chaises-dexterieur","10":"product_tag-nouveau-2025","11":"product_tag-serie-new-verdi-fr","13":"first","14":"instock","15":"shipping-taxable","16":"purchasable","17":"product-type-variable"},"aioseo_notices":[],"_links":{"self":[{"href":"https:\/\/reyma-mobiliario.com\/fr\/wp-json\/wp\/v2\/product\/31219","targetHints":{"allow":["GET"]}}],"collection":[{"href":"https:\/\/reyma-mobiliario.com\/fr\/wp-json\/wp\/v2\/product"}],"about":[{"href":"https:\/\/reyma-mobiliario.com\/fr\/wp-json\/wp\/v2\/types\/product"}],"wp:featuredmedia":[{"embeddable":true,"href":"https:\/\/reyma-mobiliario.com\/fr\/wp-json\/wp\/v2\/media\/31258"}],"wp:attachment":[{"href":"https:\/\/reyma-mobiliario.com\/fr\/wp-json\/wp\/v2\/media?parent=31219"}],"wp:term":[{"taxonomy":"product_brand","embeddable":true,"href":"https:\/\/reyma-mobiliario.com\/fr\/wp-json\/wp\/v2\/product_brand?post=31219"},{"taxonomy":"product_cat","embeddable":true,"href":"https:\/\/reyma-mobiliario.com\/fr\/wp-json\/wp\/v2\/product_cat?post=31219"},{"taxonomy":"product_tag","embeddable":true,"href":"https:\/\/reyma-mobiliario.com\/fr\/wp-json\/wp\/v2\/product_tag?post=31219"}],"curies":[{"name":"wp","href":"https:\/\/api.w.org\/{rel}","templated":true}]}}