{"id":31277,"date":"2024-12-28T10:00:45","date_gmt":"2024-12-28T09:00:45","guid":{"rendered":"https:\/\/reyma-mobiliario.com\/?post_type=product&#038;p=31277"},"modified":"2026-03-24T11:19:59","modified_gmt":"2026-03-24T10:19:59","slug":"chaise-de-bar-new-verdi-out","status":"publish","type":"product","link":"https:\/\/reyma-mobiliario.com\/fr\/productos\/chaise-de-bar-new-verdi-out\/","title":{"rendered":"Chaise du bar New Verdi OUT"},"content":{"rendered":"<p>Nouveau mod\u00e8le en version chaise de bar avec si\u00e8ge en rattan tiss\u00e9 \u00e0 la main.<\/p>\n","protected":false},"excerpt":{"rendered":"<p><strong>Poids<\/strong>: 4,35 kg<\/p>\n<p><strong>Mat\u00e9riaux<\/strong>:<br \/>\nStructure en aluminium peint d\u00e9co ch\u00eane naturel et filet de Grillage osier atlas<br \/>\nStructure en aluminium peint d\u00e9co noyer clair et filet de Grillage osier atlas<br \/>\nStructure en aluminium peint noir et filet de Grillage osier cr\u00e8me.<\/p>\n<p><strong>Dimensions<\/strong>:<br \/>\n<img loading=\"lazy\" decoding=\"async\" class=\"alignnone size-full wp-image-11924\" src=\"https:\/\/reyma-mobiliario.com\/wp-content\/uploads\/2025\/03\/2025-new-verdi-banqueta_.jpg\" alt=\"Dimensions chaise de bar New Verdi REYMA\" width=\"120\" height=\"120\" \/><\/p>\n","protected":false},"featured_media":31243,"template":"","meta":[],"product_brand":[],"product_cat":[1111,1106],"product_tag":[2079,2246,1147],"class_list":{"0":"post-31277","1":"product","2":"type-product","3":"status-publish","4":"has-post-thumbnail","6":"product_cat-chaises-dexterieur","7":"product_cat-exterieur","8":"product_tag-nouveau-2025","9":"product_tag-serie-new-verdi-fr","10":"product_tag-tabourets","12":"first","13":"instock","14":"featured","15":"shipping-taxable","16":"purchasable","17":"product-type-variable"},"aioseo_notices":[],"_links":{"self":[{"href":"https:\/\/reyma-mobiliario.com\/fr\/wp-json\/wp\/v2\/product\/31277","targetHints":{"allow":["GET"]}}],"collection":[{"href":"https:\/\/reyma-mobiliario.com\/fr\/wp-json\/wp\/v2\/product"}],"about":[{"href":"https:\/\/reyma-mobiliario.com\/fr\/wp-json\/wp\/v2\/types\/product"}],"wp:featuredmedia":[{"embeddable":true,"href":"https:\/\/reyma-mobiliario.com\/fr\/wp-json\/wp\/v2\/media\/31243"}],"wp:attachment":[{"href":"https:\/\/reyma-mobiliario.com\/fr\/wp-json\/wp\/v2\/media?parent=31277"}],"wp:term":[{"taxonomy":"product_brand","embeddable":true,"href":"https:\/\/reyma-mobiliario.com\/fr\/wp-json\/wp\/v2\/product_brand?post=31277"},{"taxonomy":"product_cat","embeddable":true,"href":"https:\/\/reyma-mobiliario.com\/fr\/wp-json\/wp\/v2\/product_cat?post=31277"},{"taxonomy":"product_tag","embeddable":true,"href":"https:\/\/reyma-mobiliario.com\/fr\/wp-json\/wp\/v2\/product_tag?post=31277"}],"curies":[{"name":"wp","href":"https:\/\/api.w.org\/{rel}","templated":true}]}}