{"id":31361,"date":"2024-12-24T10:00:15","date_gmt":"2024-12-24T09:00:15","guid":{"rendered":"https:\/\/reyma-mobiliario.com\/?post_type=product&#038;p=31361"},"modified":"2026-03-23T11:33:48","modified_gmt":"2026-03-23T10:33:48","slug":"chaise-chicago-in","status":"publish","type":"product","link":"https:\/\/reyma-mobiliario.com\/fr\/productos\/chaise-chicago-in\/","title":{"rendered":"Chaise Chicago IN"},"content":{"rendered":"<p>Un classique tr\u00e8s moderne avec diff\u00e9rentes possibilit\u00e9s de si\u00e8ge rond de \u00d843.<\/p>\n","protected":false},"excerpt":{"rendered":"<p><strong>Poids<\/strong> : 3,40 Kg<\/p>\n<p><strong>Mat\u00e9riaux<\/strong> :<br \/>\nStructure en aluminium peint d\u00e9co ch\u00eane naturel ou d\u00e9co noyer clair<br \/>\nAssises rembourr\u00e9es Fabric pour int\u00e9rieur \u00d843 : Saphir, Terracotta, V\u00e9suve ou M\u00e9kong.<\/p>\n<p><strong>Dimensions<\/strong> :<br \/>\n<img loading=\"lazy\" decoding=\"async\" class=\"alignnone size-full wp-image-11924\" src=\"https:\/\/reyma-mobiliario.com\/wp-content\/uploads\/2025\/03\/2025-chicago-silla.jpg\" alt=\"Dimensions Chaise Chicago REYMA\" width=\"120\" height=\"120\" \/><\/p>\n","protected":false},"featured_media":32988,"template":"","meta":[],"product_brand":[],"product_cat":[1121,2098,1114],"product_tag":[2079,2250],"class_list":{"0":"post-31361","1":"product","2":"type-product","3":"status-publish","4":"has-post-thumbnail","6":"product_cat-chaises-dinterieur","7":"product_cat-chaises-en-metal","8":"product_cat-interieur","9":"product_tag-nouveau-2025","10":"product_tag-serie-chicago-fr","12":"first","13":"instock","14":"shipping-taxable","15":"purchasable","16":"product-type-variable"},"aioseo_notices":[],"_links":{"self":[{"href":"https:\/\/reyma-mobiliario.com\/fr\/wp-json\/wp\/v2\/product\/31361","targetHints":{"allow":["GET"]}}],"collection":[{"href":"https:\/\/reyma-mobiliario.com\/fr\/wp-json\/wp\/v2\/product"}],"about":[{"href":"https:\/\/reyma-mobiliario.com\/fr\/wp-json\/wp\/v2\/types\/product"}],"wp:featuredmedia":[{"embeddable":true,"href":"https:\/\/reyma-mobiliario.com\/fr\/wp-json\/wp\/v2\/media\/32988"}],"wp:attachment":[{"href":"https:\/\/reyma-mobiliario.com\/fr\/wp-json\/wp\/v2\/media?parent=31361"}],"wp:term":[{"taxonomy":"product_brand","embeddable":true,"href":"https:\/\/reyma-mobiliario.com\/fr\/wp-json\/wp\/v2\/product_brand?post=31361"},{"taxonomy":"product_cat","embeddable":true,"href":"https:\/\/reyma-mobiliario.com\/fr\/wp-json\/wp\/v2\/product_cat?post=31361"},{"taxonomy":"product_tag","embeddable":true,"href":"https:\/\/reyma-mobiliario.com\/fr\/wp-json\/wp\/v2\/product_tag?post=31361"}],"curies":[{"name":"wp","href":"https:\/\/api.w.org\/{rel}","templated":true}]}}