{"id":31425,"date":"2024-12-27T10:00:15","date_gmt":"2024-12-27T09:00:15","guid":{"rendered":"https:\/\/reyma-mobiliario.com\/?post_type=product&#038;p=31425"},"modified":"2026-04-17T14:40:06","modified_gmt":"2026-04-17T12:40:06","slug":"fauteuil-cracovia-out","status":"publish","type":"product","link":"https:\/\/reyma-mobiliario.com\/fr\/productos\/fauteuil-cracovia-out\/","title":{"rendered":"Fauteuil Cracovia OUT"},"content":{"rendered":"<p>Fauteuil aux lignes courbes et assise ronde de \u00d843.<\/p>\n","protected":false},"excerpt":{"rendered":"<p><strong>Poids<\/strong>: 3,25 Kg<\/p>\n<p><strong>Mat\u00e9riaux<\/strong>:<br \/>\nStructure en aluminium peint d\u00e9co ch\u00eane naturel ou d\u00e9co noyer clair<br \/>\nDossier en Textilene Soho ou Textilene Soho noir<br \/>\nAssise pour ext\u00e9rieur \u00d843 en Textilene: Soho ou Soho noir<\/p>\n<p><strong>Dimensions<\/strong>:<br \/>\n<img loading=\"lazy\" decoding=\"async\" class=\"alignnone size-full wp-image-11924\" src=\"https:\/\/reyma-mobiliario.com\/wp-content\/uploads\/2025\/03\/2025-cracovia-sillon.jpg\" alt=\"Dimensions Fauteuil Cracovia REYMA\" width=\"120\" height=\"120\" \/><\/p>\n","protected":false},"featured_media":31440,"template":"","meta":[],"product_brand":[],"product_cat":[1106,1112],"product_tag":[2079,2255],"class_list":{"0":"post-31425","1":"product","2":"type-product","3":"status-publish","4":"has-post-thumbnail","6":"product_cat-exterieur","7":"product_cat-fauteuils-dexterieur","8":"product_tag-nouveau-2025","9":"product_tag-serie-cracovia-fr","11":"first","12":"instock","13":"shipping-taxable","14":"purchasable","15":"product-type-variable"},"aioseo_notices":[],"_links":{"self":[{"href":"https:\/\/reyma-mobiliario.com\/fr\/wp-json\/wp\/v2\/product\/31425","targetHints":{"allow":["GET"]}}],"collection":[{"href":"https:\/\/reyma-mobiliario.com\/fr\/wp-json\/wp\/v2\/product"}],"about":[{"href":"https:\/\/reyma-mobiliario.com\/fr\/wp-json\/wp\/v2\/types\/product"}],"wp:featuredmedia":[{"embeddable":true,"href":"https:\/\/reyma-mobiliario.com\/fr\/wp-json\/wp\/v2\/media\/31440"}],"wp:attachment":[{"href":"https:\/\/reyma-mobiliario.com\/fr\/wp-json\/wp\/v2\/media?parent=31425"}],"wp:term":[{"taxonomy":"product_brand","embeddable":true,"href":"https:\/\/reyma-mobiliario.com\/fr\/wp-json\/wp\/v2\/product_brand?post=31425"},{"taxonomy":"product_cat","embeddable":true,"href":"https:\/\/reyma-mobiliario.com\/fr\/wp-json\/wp\/v2\/product_cat?post=31425"},{"taxonomy":"product_tag","embeddable":true,"href":"https:\/\/reyma-mobiliario.com\/fr\/wp-json\/wp\/v2\/product_tag?post=31425"}],"curies":[{"name":"wp","href":"https:\/\/api.w.org\/{rel}","templated":true}]}}