{"id":31457,"date":"2024-12-26T10:00:29","date_gmt":"2024-12-26T09:00:29","guid":{"rendered":"https:\/\/reyma-mobiliario.com\/?post_type=product&#038;p=31457"},"modified":"2026-03-23T10:39:00","modified_gmt":"2026-03-23T09:39:00","slug":"chaise-cracovia-out","status":"publish","type":"product","link":"https:\/\/reyma-mobiliario.com\/fr\/productos\/chaise-cracovia-out\/","title":{"rendered":"Chaise Cracovia OUT"},"content":{"rendered":"<p>Chaise aux lignes courbes et assise ronde de \u00d843.<\/p>\n","protected":false},"excerpt":{"rendered":"<p><strong>Poids<\/strong> : 2,90 Kg<\/p>\n<p><strong>Mat\u00e9riaux<\/strong> :<br \/>\nStructure en aluminium peint en d\u00e9co noyer clair<br \/>\nDossier en textil\u00e8ne Soho ou textil\u00e8ne Soho noir<br \/>\nAssise pour ext\u00e9rieur \u00d843 Textil\u00e8ne : Soho ou Soho noir.<\/p>\n<p><strong>Dimensions<\/strong> :<br \/>\n<img loading=\"lazy\" decoding=\"async\" class=\"alignnone size-full wp-image-11924\" src=\"https:\/\/reyma-mobiliario.com\/wp-content\/uploads\/2025\/03\/2025-cracovia-silla.jpg\" alt=\"Dimensions Chaise Cracovia REYMA\" width=\"120\" height=\"120\" \/><\/p>\n","protected":false},"featured_media":31468,"template":"","meta":[],"product_brand":[],"product_cat":[1111,1106],"product_tag":[2079,2255],"class_list":{"0":"post-31457","1":"product","2":"type-product","3":"status-publish","4":"has-post-thumbnail","6":"product_cat-chaises-dexterieur","7":"product_cat-exterieur","8":"product_tag-nouveau-2025","9":"product_tag-serie-cracovia-fr","11":"first","12":"instock","13":"featured","14":"shipping-taxable","15":"purchasable","16":"product-type-variable"},"aioseo_notices":[],"_links":{"self":[{"href":"https:\/\/reyma-mobiliario.com\/fr\/wp-json\/wp\/v2\/product\/31457","targetHints":{"allow":["GET"]}}],"collection":[{"href":"https:\/\/reyma-mobiliario.com\/fr\/wp-json\/wp\/v2\/product"}],"about":[{"href":"https:\/\/reyma-mobiliario.com\/fr\/wp-json\/wp\/v2\/types\/product"}],"wp:featuredmedia":[{"embeddable":true,"href":"https:\/\/reyma-mobiliario.com\/fr\/wp-json\/wp\/v2\/media\/31468"}],"wp:attachment":[{"href":"https:\/\/reyma-mobiliario.com\/fr\/wp-json\/wp\/v2\/media?parent=31457"}],"wp:term":[{"taxonomy":"product_brand","embeddable":true,"href":"https:\/\/reyma-mobiliario.com\/fr\/wp-json\/wp\/v2\/product_brand?post=31457"},{"taxonomy":"product_cat","embeddable":true,"href":"https:\/\/reyma-mobiliario.com\/fr\/wp-json\/wp\/v2\/product_cat?post=31457"},{"taxonomy":"product_tag","embeddable":true,"href":"https:\/\/reyma-mobiliario.com\/fr\/wp-json\/wp\/v2\/product_tag?post=31457"}],"curies":[{"name":"wp","href":"https:\/\/api.w.org\/{rel}","templated":true}]}}