{"id":31485,"date":"2025-01-09T10:00:37","date_gmt":"2025-01-09T09:00:37","guid":{"rendered":"https:\/\/reyma-mobiliario.com\/?post_type=product&#038;p=31485"},"modified":"2026-04-20T13:31:06","modified_gmt":"2026-04-20T11:31:06","slug":"fauteuil-cracovia-in","status":"publish","type":"product","link":"https:\/\/reyma-mobiliario.com\/fr\/productos\/fauteuil-cracovia-in\/","title":{"rendered":"Fauteuil Cracovia IN"},"content":{"rendered":"<p>Fauteuil aux lignes courbes avec assise ronde \u00d843 tapiss\u00e9e.<\/p>\n","protected":false},"excerpt":{"rendered":"<p><strong>Poids<\/strong> : 4,70 Kg<\/p>\n<p><strong>Mat\u00e9riaux<\/strong> :<br \/>\nStructure en aluminium peint d\u00e9co noyer clair<br \/>\nDossier en Grillage osier Atlas<br \/>\nAssise int\u00e9rieure \u00d843 tapiss\u00e9e en tissu : Terracotta, Mekong, V\u00e9suve ou Saphir.<\/p>\n<p><strong>Dimensions<\/strong> :<br \/>\n<img loading=\"lazy\" decoding=\"async\" class=\"alignnone size-full wp-image-11924\" src=\"https:\/\/reyma-mobiliario.com\/wp-content\/uploads\/2025\/03\/2025-cracovia-sillon.jpg\" alt=\"Dimensions Fauteuil Cracovia REYMA\" width=\"120\" height=\"120\" \/><\/p>\n","protected":false},"featured_media":31490,"template":"","meta":[],"product_brand":[],"product_cat":[1124,1114,1123,1126],"product_tag":[2079,2255],"class_list":{"0":"post-31485","1":"product","2":"type-product","3":"status-publish","4":"has-post-thumbnail","6":"product_cat-fauteuils-dinterieur-fr","7":"product_cat-interieur","8":"product_cat-nouveaute","9":"product_cat-nouvelles-dinterieur","10":"product_tag-nouveau-2025","11":"product_tag-serie-cracovia-fr","13":"first","14":"instock","15":"featured","16":"shipping-taxable","17":"purchasable","18":"product-type-variable"},"aioseo_notices":[],"_links":{"self":[{"href":"https:\/\/reyma-mobiliario.com\/fr\/wp-json\/wp\/v2\/product\/31485","targetHints":{"allow":["GET"]}}],"collection":[{"href":"https:\/\/reyma-mobiliario.com\/fr\/wp-json\/wp\/v2\/product"}],"about":[{"href":"https:\/\/reyma-mobiliario.com\/fr\/wp-json\/wp\/v2\/types\/product"}],"wp:featuredmedia":[{"embeddable":true,"href":"https:\/\/reyma-mobiliario.com\/fr\/wp-json\/wp\/v2\/media\/31490"}],"wp:attachment":[{"href":"https:\/\/reyma-mobiliario.com\/fr\/wp-json\/wp\/v2\/media?parent=31485"}],"wp:term":[{"taxonomy":"product_brand","embeddable":true,"href":"https:\/\/reyma-mobiliario.com\/fr\/wp-json\/wp\/v2\/product_brand?post=31485"},{"taxonomy":"product_cat","embeddable":true,"href":"https:\/\/reyma-mobiliario.com\/fr\/wp-json\/wp\/v2\/product_cat?post=31485"},{"taxonomy":"product_tag","embeddable":true,"href":"https:\/\/reyma-mobiliario.com\/fr\/wp-json\/wp\/v2\/product_tag?post=31485"}],"curies":[{"name":"wp","href":"https:\/\/api.w.org\/{rel}","templated":true}]}}