{"id":31716,"date":"2025-01-21T10:00:18","date_gmt":"2025-03-19T12:45:20","guid":{"rendered":"https:\/\/reyma-mobiliario.com\/?post_type=product&#038;p=31716"},"modified":"2025-03-19T16:05:35","modified_gmt":"2025-03-19T15:05:35","slug":"chaise-nordica","status":"publish","type":"product","link":"https:\/\/reyma-mobiliario.com\/fr\/productos\/chaise-nordica\/","title":{"rendered":"Chaise N\u00f3rdica"},"content":{"rendered":"<p>Nouvelle gamme de chaises en bois de h\u00eatre avec des d\u00e9tails d&rsquo;inspiration asiatique.<\/p>\n","protected":false},"excerpt":{"rendered":"<p><strong>Poids<\/strong>: 6,00 kg<\/p>\n<p><strong>Mat\u00e9riaux<\/strong>:<br \/>\nStructure en bois de h\u00eatre.<br \/>\nTapiss\u00e9s:<br \/>\nFabric : Mekong, V\u00e9suve, Terracotta ou Saphir.<br \/>\nP.U. : Indiana, Panama, Bleu, Gris, Vert, Moutarde, Tuile, Sable, \u00c9meraude ou C\u00e9leste.<\/p>\n<p><strong>Dimensions<\/strong>:<br \/>\n<img loading=\"lazy\" decoding=\"async\" class=\"alignnone size-full wp-image-11924\" src=\"https:\/\/reyma-mobiliario.com\/wp-content\/uploads\/2025\/03\/2025-nordica-silla.jpg\" alt=\"Dimensions chaise N\u00f3rdica REYMA\" width=\"120\" height=\"120\" \/><\/p>\n","protected":false},"featured_media":31737,"template":"","meta":[],"product_brand":[],"product_cat":[1121,2099,1114,1123,1126],"product_tag":[1347,1360,2079,2303],"class_list":{"0":"post-31716","1":"product","2":"type-product","3":"status-publish","4":"has-post-thumbnail","6":"product_cat-chaises-dinterieur","7":"product_cat-chaises-en-bois","8":"product_cat-interieur","9":"product_cat-nouveaute","10":"product_cat-nouvelles-dinterieur","11":"product_tag-chaises","12":"product_tag-chaises-dinterieur","13":"product_tag-nouveau-2025","14":"product_tag-serie-nordica-fr","16":"first","17":"instock","18":"shipping-taxable","19":"purchasable","20":"product-type-variable"},"aioseo_notices":[],"_links":{"self":[{"href":"https:\/\/reyma-mobiliario.com\/fr\/wp-json\/wp\/v2\/product\/31716","targetHints":{"allow":["GET"]}}],"collection":[{"href":"https:\/\/reyma-mobiliario.com\/fr\/wp-json\/wp\/v2\/product"}],"about":[{"href":"https:\/\/reyma-mobiliario.com\/fr\/wp-json\/wp\/v2\/types\/product"}],"wp:featuredmedia":[{"embeddable":true,"href":"https:\/\/reyma-mobiliario.com\/fr\/wp-json\/wp\/v2\/media\/31737"}],"wp:attachment":[{"href":"https:\/\/reyma-mobiliario.com\/fr\/wp-json\/wp\/v2\/media?parent=31716"}],"wp:term":[{"taxonomy":"product_brand","embeddable":true,"href":"https:\/\/reyma-mobiliario.com\/fr\/wp-json\/wp\/v2\/product_brand?post=31716"},{"taxonomy":"product_cat","embeddable":true,"href":"https:\/\/reyma-mobiliario.com\/fr\/wp-json\/wp\/v2\/product_cat?post=31716"},{"taxonomy":"product_tag","embeddable":true,"href":"https:\/\/reyma-mobiliario.com\/fr\/wp-json\/wp\/v2\/product_tag?post=31716"}],"curies":[{"name":"wp","href":"https:\/\/api.w.org\/{rel}","templated":true}]}}