{"id":31769,"date":"2025-01-20T10:00:37","date_gmt":"2025-01-20T09:00:37","guid":{"rendered":"https:\/\/reyma-mobiliario.com\/?post_type=product&#038;p=31769"},"modified":"2026-03-24T13:48:24","modified_gmt":"2026-03-24T12:48:24","slug":"chaise-sinfonia","status":"publish","type":"product","link":"https:\/\/reyma-mobiliario.com\/fr\/productos\/chaise-sinfonia\/","title":{"rendered":"Chaise Sinfon\u00eda"},"content":{"rendered":"<p>Chaise en bois de h\u00eatre avec dossier et assise tapiss\u00e9s.<\/p>\n","protected":false},"excerpt":{"rendered":"<p><strong>Poids<\/strong>: 6,00 kg<\/p>\n<p><strong>Mat\u00e9riaux<\/strong>:<br \/>\nStructure en bois de h\u00eatre.<br \/>\nAssise et dossier tapiss\u00e9s en P.U. : Tuile, Sable, \u00c9meraude ou C\u00e9leste.<\/p>\n<p><strong>Dimensions<\/strong>:<br \/>\n<img loading=\"lazy\" decoding=\"async\" class=\"alignnone size-full wp-image-11924\" src=\"https:\/\/reyma-mobiliario.com\/wp-content\/uploads\/2025\/03\/2025-sinfonia-silla.jpg\" alt=\"Dimensions chaise Sinfon\u00eda REYMA\" width=\"120\" height=\"120\" \/><\/p>\n","protected":false},"featured_media":31802,"template":"","meta":[],"product_brand":[],"product_cat":[1121,2099,1114],"product_tag":[1347,1360,2079,2328],"class_list":{"0":"post-31769","1":"product","2":"type-product","3":"status-publish","4":"has-post-thumbnail","6":"product_cat-chaises-dinterieur","7":"product_cat-chaises-en-bois","8":"product_cat-interieur","9":"product_tag-chaises","10":"product_tag-chaises-dinterieur","11":"product_tag-nouveau-2025","12":"product_tag-serie-sinfonia-fr","14":"first","15":"instock","16":"shipping-taxable","17":"purchasable","18":"product-type-variable"},"aioseo_notices":[],"_links":{"self":[{"href":"https:\/\/reyma-mobiliario.com\/fr\/wp-json\/wp\/v2\/product\/31769","targetHints":{"allow":["GET"]}}],"collection":[{"href":"https:\/\/reyma-mobiliario.com\/fr\/wp-json\/wp\/v2\/product"}],"about":[{"href":"https:\/\/reyma-mobiliario.com\/fr\/wp-json\/wp\/v2\/types\/product"}],"wp:featuredmedia":[{"embeddable":true,"href":"https:\/\/reyma-mobiliario.com\/fr\/wp-json\/wp\/v2\/media\/31802"}],"wp:attachment":[{"href":"https:\/\/reyma-mobiliario.com\/fr\/wp-json\/wp\/v2\/media?parent=31769"}],"wp:term":[{"taxonomy":"product_brand","embeddable":true,"href":"https:\/\/reyma-mobiliario.com\/fr\/wp-json\/wp\/v2\/product_brand?post=31769"},{"taxonomy":"product_cat","embeddable":true,"href":"https:\/\/reyma-mobiliario.com\/fr\/wp-json\/wp\/v2\/product_cat?post=31769"},{"taxonomy":"product_tag","embeddable":true,"href":"https:\/\/reyma-mobiliario.com\/fr\/wp-json\/wp\/v2\/product_tag?post=31769"}],"curies":[{"name":"wp","href":"https:\/\/api.w.org\/{rel}","templated":true}]}}