{"id":31976,"date":"2024-12-19T10:00:08","date_gmt":"2024-12-19T09:00:08","guid":{"rendered":"https:\/\/reyma-mobiliario.com\/?post_type=product&#038;p=31976"},"modified":"2026-03-23T11:44:31","modified_gmt":"2026-03-23T10:44:31","slug":"chaise-brooklyn","status":"publish","type":"product","link":"https:\/\/reyma-mobiliario.com\/fr\/productos\/chaise-brooklyn\/","title":{"rendered":"Chaise Brooklyn"},"content":{"rendered":"<p>Chaise aux lignes simples. Structure en aluminium peint en noir. Elle peut \u00eatre configur\u00e9e avec n&rsquo;importe quel si\u00e8ge de type \u00c1tico.<\/p>\n","protected":false},"excerpt":{"rendered":"<p><strong>Poids :<\/strong><\/p>\n<p>Avec assise tapiss\u00e9e : 5,05 kg<br \/>\nAvec assise en bois stratifi\u00e9 : 4,90 kg<br \/>\nAvec assise en bois massif : 5,25 kg<br \/>\n<strong>Mat\u00e9riaux :<\/strong><br \/>\nStructure en aluminium peint en noir<\/p>\n<p><strong>Assise :<\/strong><br \/>\nBois massif<br \/>\nBois stratifi\u00e9 ou stratifi\u00e9 : Kenya, \u00c9b\u00e8ne, Noyer Vintage et Ch\u00eane Vintage<br \/>\n<a href=\"https:\/\/reyma-mobiliario.com\/fr\/categorie-produit\/finitions\/tapisse\/\">Rev\u00eatements P.U. et Fabric<\/a><\/p>\n<p><strong>Dimensions :<\/strong><br \/>\n<img loading=\"lazy\" decoding=\"async\" class=\"alignnone size-full wp-image-11924\" src=\"https:\/\/reyma-mobiliario.com\/wp-content\/uploads\/2025\/03\/2025-brooklyn.silla_.jpg\" alt=\"Dimensions chaise Brooklyn REYMA\" width=\"120\" height=\"120\" \/><\/p>\n","protected":false},"featured_media":32024,"template":"","meta":[],"product_brand":[],"product_cat":[1121,2098,1114],"product_tag":[1347,1169,2079,2332],"class_list":{"0":"post-31976","1":"product","2":"type-product","3":"status-publish","4":"has-post-thumbnail","6":"product_cat-chaises-dinterieur","7":"product_cat-chaises-en-metal","8":"product_cat-interieur","9":"product_tag-chaises","10":"product_tag-mobilier-interieur","11":"product_tag-nouveau-2025","12":"product_tag-serie-brooklyn-fr","14":"first","15":"instock","16":"shipping-taxable","17":"purchasable","18":"product-type-variable"},"aioseo_notices":[],"_links":{"self":[{"href":"https:\/\/reyma-mobiliario.com\/fr\/wp-json\/wp\/v2\/product\/31976","targetHints":{"allow":["GET"]}}],"collection":[{"href":"https:\/\/reyma-mobiliario.com\/fr\/wp-json\/wp\/v2\/product"}],"about":[{"href":"https:\/\/reyma-mobiliario.com\/fr\/wp-json\/wp\/v2\/types\/product"}],"wp:featuredmedia":[{"embeddable":true,"href":"https:\/\/reyma-mobiliario.com\/fr\/wp-json\/wp\/v2\/media\/32024"}],"wp:attachment":[{"href":"https:\/\/reyma-mobiliario.com\/fr\/wp-json\/wp\/v2\/media?parent=31976"}],"wp:term":[{"taxonomy":"product_brand","embeddable":true,"href":"https:\/\/reyma-mobiliario.com\/fr\/wp-json\/wp\/v2\/product_brand?post=31976"},{"taxonomy":"product_cat","embeddable":true,"href":"https:\/\/reyma-mobiliario.com\/fr\/wp-json\/wp\/v2\/product_cat?post=31976"},{"taxonomy":"product_tag","embeddable":true,"href":"https:\/\/reyma-mobiliario.com\/fr\/wp-json\/wp\/v2\/product_tag?post=31976"}],"curies":[{"name":"wp","href":"https:\/\/api.w.org\/{rel}","templated":true}]}}