{"id":32045,"date":"2024-12-11T10:00:33","date_gmt":"2024-12-11T09:00:33","guid":{"rendered":"https:\/\/reyma-mobiliario.com\/?post_type=product&#038;p=32045"},"modified":"2026-03-23T12:19:42","modified_gmt":"2026-03-23T11:19:42","slug":"chaise-de-bar-brooklyn","status":"publish","type":"product","link":"https:\/\/reyma-mobiliario.com\/fr\/productos\/chaise-de-bar-brooklyn\/","title":{"rendered":"Chaise de bar Brooklyn"},"content":{"rendered":"<p>Chaise de bar aux lignes simples. Structure en acier avec deux finitions: graphite et noir. Il peut \u00eatre configur\u00e9 avec n&rsquo;importe quel si\u00e8ge de type am\u00e9ricain.<\/p>\n","protected":false},"excerpt":{"rendered":"<p><strong>Poids:\u00a0<\/strong><br \/>\nAvec assise tapiss\u00e9e : 5,85 kg<br \/>\nAvec assise en bois stratifi\u00e9 : 5,70 kg<br \/>\nAvec assise en bois massif : 6,05 kg<\/p>\n<p><strong>Mat\u00e9riaux<\/strong>:<br \/>\nStructure en aluminium peint en noir<\/p>\n<p>Assise :<br \/>\nBois massif<br \/>\nBois stratifi\u00e9 ou stratifi\u00e9 : kenya, \u00e9b\u00e8ne, noyer vintage et ch\u00eane vintage<br \/>\n<a href=\"https:\/\/reyma-mobiliario.com\/categoria-producto\/acabados\/tapizados\/\">Rev\u00eatements P.U. et Fabric<\/a><\/p>\n<p><strong>Dimensions<\/strong>:<br \/>\n<img loading=\"lazy\" decoding=\"async\" class=\"alignnone size-full wp-image-11924\" src=\"https:\/\/reyma-mobiliario.com\/fr\/categorie-produit\/finitions\/tapisse\/\" alt=\"Dimensions tabouret Brooklyn REYMA\" width=\"120\" height=\"120\" \/><\/p>\n","protected":false},"featured_media":32057,"template":"","meta":[],"product_brand":[],"product_cat":[1114,1116,2146],"product_tag":[1347,1169,2079,2332],"class_list":{"0":"post-32045","1":"product","2":"type-product","3":"status-publish","4":"has-post-thumbnail","6":"product_cat-interieur","7":"product_cat-tabouret-dinterieur","8":"product_cat-tabouret-en-metal","9":"product_tag-chaises","10":"product_tag-mobilier-interieur","11":"product_tag-nouveau-2025","12":"product_tag-serie-brooklyn-fr","14":"first","15":"instock","16":"shipping-taxable","17":"purchasable","18":"product-type-variable"},"aioseo_notices":[],"_links":{"self":[{"href":"https:\/\/reyma-mobiliario.com\/fr\/wp-json\/wp\/v2\/product\/32045","targetHints":{"allow":["GET"]}}],"collection":[{"href":"https:\/\/reyma-mobiliario.com\/fr\/wp-json\/wp\/v2\/product"}],"about":[{"href":"https:\/\/reyma-mobiliario.com\/fr\/wp-json\/wp\/v2\/types\/product"}],"wp:featuredmedia":[{"embeddable":true,"href":"https:\/\/reyma-mobiliario.com\/fr\/wp-json\/wp\/v2\/media\/32057"}],"wp:attachment":[{"href":"https:\/\/reyma-mobiliario.com\/fr\/wp-json\/wp\/v2\/media?parent=32045"}],"wp:term":[{"taxonomy":"product_brand","embeddable":true,"href":"https:\/\/reyma-mobiliario.com\/fr\/wp-json\/wp\/v2\/product_brand?post=32045"},{"taxonomy":"product_cat","embeddable":true,"href":"https:\/\/reyma-mobiliario.com\/fr\/wp-json\/wp\/v2\/product_cat?post=32045"},{"taxonomy":"product_tag","embeddable":true,"href":"https:\/\/reyma-mobiliario.com\/fr\/wp-json\/wp\/v2\/product_tag?post=32045"}],"curies":[{"name":"wp","href":"https:\/\/api.w.org\/{rel}","templated":true}]}}