{"id":32104,"date":"2025-01-07T10:00:56","date_gmt":"2025-01-07T09:00:56","guid":{"rendered":"https:\/\/reyma-mobiliario.com\/?post_type=product&#038;p=32104"},"modified":"2026-03-24T11:19:44","modified_gmt":"2026-03-24T10:19:44","slug":"chaise-brooklyn-dossier-tapisse","status":"publish","type":"product","link":"https:\/\/reyma-mobiliario.com\/fr\/productos\/chaise-brooklyn-dossier-tapisse\/","title":{"rendered":"Chaise Brooklyn Dissier Tapiss\u00e9"},"content":{"rendered":"<p>Chaise aux lignes simples avec dossier tapiss\u00e9. Structure en aluminium peint en noir. Elle peut \u00eatre configur\u00e9e avec n&rsquo;importe quel si\u00e8ge de type \u00c1tico.<\/p>\n","protected":false},"excerpt":{"rendered":"<p><strong>Poids :<\/strong> 4,75 kg<\/p>\n<p><strong>Mat\u00e9riaux :<\/strong><br \/>\nStructure en aluminium peint en noir<br \/>\nAssise et dossier tapiss\u00e9s en P.U. : \u00c9meraude, Brique, Sable ou C\u00e9leste<\/p>\n<p><strong>Dimensions :<\/strong><br \/>\n<img loading=\"lazy\" decoding=\"async\" class=\"alignnone size-full wp-image-11924\" src=\"https:\/\/reyma-mobiliario.com\/wp-content\/uploads\/2025\/03\/2025-brooklyn.silla_.jpg\" alt=\"Dimensions chaise Brooklyn REYMA\" width=\"120\" height=\"120\" \/><\/p>\n","protected":false},"featured_media":32128,"template":"","meta":[],"product_brand":[],"product_cat":[1121,2098,1114],"product_tag":[1347,1169,2079,2332],"class_list":{"0":"post-32104","1":"product","2":"type-product","3":"status-publish","4":"has-post-thumbnail","6":"product_cat-chaises-dinterieur","7":"product_cat-chaises-en-metal","8":"product_cat-interieur","9":"product_tag-chaises","10":"product_tag-mobilier-interieur","11":"product_tag-nouveau-2025","12":"product_tag-serie-brooklyn-fr","14":"first","15":"instock","16":"shipping-taxable","17":"purchasable","18":"product-type-variable"},"aioseo_notices":[],"_links":{"self":[{"href":"https:\/\/reyma-mobiliario.com\/fr\/wp-json\/wp\/v2\/product\/32104","targetHints":{"allow":["GET"]}}],"collection":[{"href":"https:\/\/reyma-mobiliario.com\/fr\/wp-json\/wp\/v2\/product"}],"about":[{"href":"https:\/\/reyma-mobiliario.com\/fr\/wp-json\/wp\/v2\/types\/product"}],"wp:featuredmedia":[{"embeddable":true,"href":"https:\/\/reyma-mobiliario.com\/fr\/wp-json\/wp\/v2\/media\/32128"}],"wp:attachment":[{"href":"https:\/\/reyma-mobiliario.com\/fr\/wp-json\/wp\/v2\/media?parent=32104"}],"wp:term":[{"taxonomy":"product_brand","embeddable":true,"href":"https:\/\/reyma-mobiliario.com\/fr\/wp-json\/wp\/v2\/product_brand?post=32104"},{"taxonomy":"product_cat","embeddable":true,"href":"https:\/\/reyma-mobiliario.com\/fr\/wp-json\/wp\/v2\/product_cat?post=32104"},{"taxonomy":"product_tag","embeddable":true,"href":"https:\/\/reyma-mobiliario.com\/fr\/wp-json\/wp\/v2\/product_tag?post=32104"}],"curies":[{"name":"wp","href":"https:\/\/api.w.org\/{rel}","templated":true}]}}