{"id":32192,"date":"2025-01-12T10:00:39","date_gmt":"2025-03-21T07:55:40","guid":{"rendered":"https:\/\/reyma-mobiliario.com\/?post_type=product&#038;p=32192"},"modified":"2025-03-24T17:09:40","modified_gmt":"2025-03-24T16:09:40","slug":"chaise-zagreb","status":"publish","type":"product","link":"https:\/\/reyma-mobiliario.com\/fr\/productos\/chaise-zagreb\/","title":{"rendered":"Chaise Zagreb"},"content":{"rendered":"<p>Nouvelle ligne de chaises en bois de h\u00eatre adapt\u00e9es \u00e0 tout si\u00e8ge tapiss\u00e9 de type attic.<\/p>\n","protected":false},"excerpt":{"rendered":"<p><strong>Poids<\/strong>: 6,50 kg  <\/p>\n<p><strong>Mat\u00e9riaux<\/strong>:<br \/>\nStructure en bois de h\u00eatre.<br \/>\nRev\u00eatement :<br \/>\n&#8211; Tissu : Mekong, Vesubio, Terracota ou Zafiro<br \/>\n&#8211; P.U. : Indiana, Panam\u00e1, Bleu, Gris, Vert, Moutarde, Brique, Sable, \u00c9meraude ou C\u00e9leste  <\/p>\n<p><strong>Dimensions<\/strong>:<br \/>\n<img loading=\"lazy\" decoding=\"async\" class=\"alignnone size-full wp-image-11924\" src=\"https:\/\/reyma-mobiliario.com\/wp-content\/uploads\/2025\/03\/2025-zagreb-silla.jpg\" alt=\"Dimensions chaise Zagreb REYMA\" width=\"120\" height=\"120\" \/><\/p>\n","protected":false},"featured_media":32205,"template":"","meta":[],"product_brand":[],"product_cat":[1121,2099,1114,1123,1126],"product_tag":[1347,1360,2079,2335],"class_list":{"0":"post-32192","1":"product","2":"type-product","3":"status-publish","4":"has-post-thumbnail","6":"product_cat-chaises-dinterieur","7":"product_cat-chaises-en-bois","8":"product_cat-interieur","9":"product_cat-nouveaute","10":"product_cat-nouvelles-dinterieur","11":"product_tag-chaises","12":"product_tag-chaises-dinterieur","13":"product_tag-nouveau-2025","14":"product_tag-serie-zagreb-fr","16":"first","17":"instock","18":"shipping-taxable","19":"purchasable","20":"product-type-variable"},"aioseo_notices":[],"_links":{"self":[{"href":"https:\/\/reyma-mobiliario.com\/fr\/wp-json\/wp\/v2\/product\/32192","targetHints":{"allow":["GET"]}}],"collection":[{"href":"https:\/\/reyma-mobiliario.com\/fr\/wp-json\/wp\/v2\/product"}],"about":[{"href":"https:\/\/reyma-mobiliario.com\/fr\/wp-json\/wp\/v2\/types\/product"}],"wp:featuredmedia":[{"embeddable":true,"href":"https:\/\/reyma-mobiliario.com\/fr\/wp-json\/wp\/v2\/media\/32205"}],"wp:attachment":[{"href":"https:\/\/reyma-mobiliario.com\/fr\/wp-json\/wp\/v2\/media?parent=32192"}],"wp:term":[{"taxonomy":"product_brand","embeddable":true,"href":"https:\/\/reyma-mobiliario.com\/fr\/wp-json\/wp\/v2\/product_brand?post=32192"},{"taxonomy":"product_cat","embeddable":true,"href":"https:\/\/reyma-mobiliario.com\/fr\/wp-json\/wp\/v2\/product_cat?post=32192"},{"taxonomy":"product_tag","embeddable":true,"href":"https:\/\/reyma-mobiliario.com\/fr\/wp-json\/wp\/v2\/product_tag?post=32192"}],"curies":[{"name":"wp","href":"https:\/\/api.w.org\/{rel}","templated":true}]}}